{"id":1957,"date":"2025-04-07T16:29:40","date_gmt":"2025-04-07T14:29:40","guid":{"rendered":"https:\/\/www.llibreriasantjordi.cat\/?post_type=product&#038;p=1957"},"modified":"2025-08-24T18:39:47","modified_gmt":"2025-08-24T16:39:47","slug":"el-diari-del-greg-coleccion","status":"publish","type":"product","link":"https:\/\/www.llibreriasantjordi.cat\/es\/producte\/el-diari-del-greg-coleccion\/","title":{"rendered":"El diari del Greg (Colecci\u00f3n)"},"content":{"rendered":"<div class=\"wpb-content-wrapper\"><p>[vc_row css_animation=\u00bb\u00bb row_type=\u00bbrow\u00bb use_row_as_full_screen_section=\u00bbno\u00bb type=\u00bbfull_width\u00bb angled_section=\u00bbno\u00bb text_align=\u00bbleft\u00bb background_image_as_pattern=\u00bbwithout_pattern\u00bb][vc_column][vc_column_text css=\u00bb\u00bb]<strong>Editorial:<\/strong> Estrella Polar<br \/>\n<strong>ISBN:<\/strong> Varios<br \/>\n<strong>Idioma:<\/strong> Catalan<br \/>\n<strong>N\u00famero de p\u00e1ginas:<\/strong> Varios<br \/>\n<strong>Encuadernaci\u00f3n:<\/strong> Tapa dura<br \/>\n<strong>Fecha de publicaci\u00f3n del n\u00famero 1:<\/strong> 31\/07\/2013[\/vc_column_text][\/vc_column][\/vc_row]<\/p>\n<\/div>","protected":false},"excerpt":{"rendered":"<p><strong>IMPORTANTE: Este libro forma parte de una colecci\u00f3n. Es necesario elegir el n\u00famero que desea en el desplegable inferior. La portada y descripci\u00f3n corresponden al n\u00famero 19.<\/strong><\/p>\n<p>&nbsp;<\/p>\n<p>\u00a1Prep\u00e1rate para la aventura m\u00e1s divertida hasta el momento del Greg Haffley!<\/p>\n<p>&nbsp;<\/p>\n<p>Un a\u00f1o m\u00e1s, Jeff Kinney nos sorprende con otra divertida aventura del ni\u00f1o m\u00e1s travieso y entra\u00f1able del instituto, su curiosa familia y su mejor amigo, Rowley.<\/p>\n<p>&nbsp;<\/p>\n<p>Diari del Greg es una de las series infantiles de mayor \u00e9xito en Espa\u00f1a y Catalu\u00f1a, y una de las m\u00e1s longevas.<\/p>\n<p>&nbsp;<\/p>\n<p>M\u00e1s de 290 millones de ejemplares vendidos en todo el mundo. M\u00e1s de 690.000 ejemplares en catal\u00e1n, casi 4,5 millones de ejemplares en espa\u00f1ol (GfK). <a class=\"continue\" href=\"https:\/\/www.llibreriasantjordi.cat\/es\/producte\/el-diari-del-greg-coleccion\/\">CONTINUAR >><span> El diari del Greg (Colecci\u00f3n)<\/span><\/a><\/p>\n","protected":false},"featured_media":1227,"template":"","meta":{"_joinchat":[]},"product_brand":[],"product_cat":[173,174,177,183],"product_tag":[322],"class_list":{"0":"post-1957","1":"product","2":"type-product","3":"status-publish","4":"has-post-thumbnail","6":"product_cat-catalan","7":"product_cat-colecciones","8":"product_cat-de-10-a-12-anos","9":"product_cat-infantil-es","10":"product_tag-jeff-kinney-es","12":"first","13":"instock","14":"taxable","15":"shipping-taxable","16":"purchasable","17":"product-type-variable"},"_links":{"self":[{"href":"https:\/\/www.llibreriasantjordi.cat\/es\/wp-json\/wp\/v2\/product\/1957","targetHints":{"allow":["GET"]}}],"collection":[{"href":"https:\/\/www.llibreriasantjordi.cat\/es\/wp-json\/wp\/v2\/product"}],"about":[{"href":"https:\/\/www.llibreriasantjordi.cat\/es\/wp-json\/wp\/v2\/types\/product"}],"wp:featuredmedia":[{"embeddable":true,"href":"https:\/\/www.llibreriasantjordi.cat\/es\/wp-json\/wp\/v2\/media\/1227"}],"wp:attachment":[{"href":"https:\/\/www.llibreriasantjordi.cat\/es\/wp-json\/wp\/v2\/media?parent=1957"}],"wp:term":[{"taxonomy":"product_brand","embeddable":true,"href":"https:\/\/www.llibreriasantjordi.cat\/es\/wp-json\/wp\/v2\/product_brand?post=1957"},{"taxonomy":"product_cat","embeddable":true,"href":"https:\/\/www.llibreriasantjordi.cat\/es\/wp-json\/wp\/v2\/product_cat?post=1957"},{"taxonomy":"product_tag","embeddable":true,"href":"https:\/\/www.llibreriasantjordi.cat\/es\/wp-json\/wp\/v2\/product_tag?post=1957"}],"curies":[{"name":"wp","href":"https:\/\/api.w.org\/{rel}","templated":true}]}}