{"id":1953,"date":"2025-04-07T16:35:12","date_gmt":"2025-04-07T14:35:12","guid":{"rendered":"https:\/\/www.llibreriasantjordi.cat\/?post_type=product&#038;p=1953"},"modified":"2025-05-14T15:56:13","modified_gmt":"2025-05-14T13:56:13","slug":"detectius-extraescolars-coleccion","status":"publish","type":"product","link":"https:\/\/www.llibreriasantjordi.cat\/es\/producte\/detectius-extraescolars-coleccion\/","title":{"rendered":"Detectius extraescolars (Colecci\u00f3n)"},"content":{"rendered":"<div class=\"wpb-content-wrapper\"><p>[vc_row css_animation=\u00bb\u00bb row_type=\u00bbrow\u00bb use_row_as_full_screen_section=\u00bbno\u00bb type=\u00bbfull_width\u00bb angled_section=\u00bbno\u00bb text_align=\u00bbleft\u00bb background_image_as_pattern=\u00bbwithout_pattern\u00bb][vc_column][vc_column_text css=\u00bb\u00bb]<strong>Editorial:<\/strong> Estrella Polar<\/p>\n<p><strong>ISBN:<\/strong> Varios<\/p>\n<p><strong>Idioma:<\/strong> Catal\u00e1n<\/p>\n<p><strong>N\u00famero de p\u00e1ginas:<\/strong> Varios<\/p>\n<p><strong>Encuadernaci\u00f3n:<\/strong> Tapa blanda<\/p>\n<p><strong>Fecha de publicaci\u00f3n del n\u00famero 1:<\/strong> 02\/02\/2023[\/vc_column_text][\/vc_column][\/vc_row]<\/p>\n<\/div>","protected":false},"excerpt":{"rendered":"<p><strong>IMPORTANTE: Este libro forma parte de una colecci\u00f3n. Es necesario elegir el n\u00famero que desea en el desplegable inferior. La portada y descripci\u00f3n corresponden al n\u00famero 4.<\/strong><\/p>\n<p>&nbsp;<\/p>\n<p>\u00a1Otro caso misterioso de los Detectives Extraescolares!<\/p>\n<p>&nbsp;<\/p>\n<p>\u00bfEres un buen detective?<\/p>\n<p>&nbsp;<\/p>\n<p>Observa los dibujos, sigue las pistas e investiga el caso.<\/p>\n<p>&nbsp;<\/p>\n<p>\u00a1Ap\u00fantate a los Detectives Extraescolares y resuelve el misterio!<\/p>\n<p>&nbsp;<\/p>\n<p>Los Detectives Extraescolares est\u00e1n muy animados: \u00a1los han llamado a la Feria de los Inventos! Siempre les ha divertido este evento, pero lo que les espera no es nada festivo: \u00a1el edificio inteligente donde se celebra ha enloquecido! O eso es lo que parece, porque las m\u00e1quinas autom\u00e1ticas y los robots act\u00faan de forma irregular y peligrosa. El director est\u00e1 convencido de que alguien intenta boicotear la feria.<\/p>\n<p>&nbsp;<\/p>\n<p>Nuestros h\u00e9roes tendr\u00e1n pocos d\u00edas para descubrir qu\u00e9 ocurre, mientras se enfrentan a inventores, androides y&#8230; \u00bfningunas? \u00bfSer\u00e1n capaces de desvelar el enigma cibern\u00e9tico y salir ilesos de esta arriesgada aventura? <a class=\"continue\" href=\"https:\/\/www.llibreriasantjordi.cat\/es\/producte\/detectius-extraescolars-coleccion\/\">CONTINUAR >><span> Detectius extraescolars (Colecci\u00f3n)<\/span><\/a><\/p>\n","protected":false},"featured_media":1225,"template":"","meta":{"_joinchat":[]},"product_brand":[],"product_cat":[173,174,180,183],"product_tag":[193],"class_list":{"0":"post-1953","1":"product","2":"type-product","3":"status-publish","4":"has-post-thumbnail","6":"product_cat-catalan","7":"product_cat-colecciones","8":"product_cat-de-7-a-9-anos","9":"product_cat-infantil-es","10":"product_tag-enrique-carlos-martin-es","12":"first","13":"instock","14":"taxable","15":"shipping-taxable","16":"purchasable","17":"product-type-variable"},"_links":{"self":[{"href":"https:\/\/www.llibreriasantjordi.cat\/es\/wp-json\/wp\/v2\/product\/1953","targetHints":{"allow":["GET"]}}],"collection":[{"href":"https:\/\/www.llibreriasantjordi.cat\/es\/wp-json\/wp\/v2\/product"}],"about":[{"href":"https:\/\/www.llibreriasantjordi.cat\/es\/wp-json\/wp\/v2\/types\/product"}],"wp:featuredmedia":[{"embeddable":true,"href":"https:\/\/www.llibreriasantjordi.cat\/es\/wp-json\/wp\/v2\/media\/1225"}],"wp:attachment":[{"href":"https:\/\/www.llibreriasantjordi.cat\/es\/wp-json\/wp\/v2\/media?parent=1953"}],"wp:term":[{"taxonomy":"product_brand","embeddable":true,"href":"https:\/\/www.llibreriasantjordi.cat\/es\/wp-json\/wp\/v2\/product_brand?post=1953"},{"taxonomy":"product_cat","embeddable":true,"href":"https:\/\/www.llibreriasantjordi.cat\/es\/wp-json\/wp\/v2\/product_cat?post=1953"},{"taxonomy":"product_tag","embeddable":true,"href":"https:\/\/www.llibreriasantjordi.cat\/es\/wp-json\/wp\/v2\/product_tag?post=1953"}],"curies":[{"name":"wp","href":"https:\/\/api.w.org\/{rel}","templated":true}]}}