{"id":1952,"date":"2025-04-07T16:39:27","date_gmt":"2025-04-07T14:39:27","guid":{"rendered":"https:\/\/www.llibreriasantjordi.cat\/?post_type=product&#038;p=1952"},"modified":"2025-08-24T18:06:54","modified_gmt":"2025-08-24T16:06:54","slug":"has-estat-tu-dinosaure","status":"publish","type":"product","link":"https:\/\/www.llibreriasantjordi.cat\/es\/producte\/has-estat-tu-dinosaure\/","title":{"rendered":"Has estat tu dinosaure?"},"content":{"rendered":"<div class=\"wpb-content-wrapper\"><p>[vc_row css_animation=\u00bb\u00bb row_type=\u00bbrow\u00bb use_row_as_full_screen_section=\u00bbno\u00bb type=\u00bbfull_width\u00bb angled_section=\u00bbno\u00bb text_align=\u00bbleft\u00bb background_image_as_pattern=\u00bbwithout_pattern\u00bb][vc_column][vc_column_text css=\u00bb\u00bb]<strong>Editorial:<\/strong> Usborne Publishing<\/p>\n<p><strong>ISBN:<\/strong> 9781805073673<\/p>\n<p><strong>Idioma:<\/strong> Catal\u00e1n<\/p>\n<p><strong>N\u00famero de p\u00e1ginas:<\/strong> 10<\/p>\n<p><strong>Encuadernaci\u00f3n:<\/strong> Tapa dura<\/p>\n<p><strong>Fecha de publicaci\u00f3n:\u00a0<\/strong>18\/10\/2023[\/vc_column_text][\/vc_column][\/vc_row]<\/p>\n<\/div>","protected":false},"excerpt":{"rendered":"<p>Los peque\u00f1os tendr\u00e1n que pulsar los botones de sonido de este libro irreverente para escuchar lo ruidoso que puede ser el pedo de un dinosaurio. Primero por separado y despu\u00e9s, en la \u00faltima p\u00e1gina, \u00a1los de varios dinosaurios a la vez! <a class=\"continue\" href=\"https:\/\/www.llibreriasantjordi.cat\/es\/producte\/has-estat-tu-dinosaure\/\">CONTINUAR >><span> Has estat tu dinosaure?<\/span><\/a><\/p>\n","protected":false},"featured_media":1223,"template":"","meta":{"_joinchat":[]},"product_brand":[],"product_cat":[173,176,183],"product_tag":[314,194],"class_list":{"0":"post-1952","1":"product","2":"type-product","3":"status-publish","4":"has-post-thumbnail","6":"product_cat-catalan","7":"product_cat-de-0-a-2-anos","8":"product_cat-infantil-es","9":"product_tag-ana-martin-larranaga-es","10":"product_tag-sam-taplin-es","12":"first","13":"instock","14":"taxable","15":"shipping-taxable","16":"purchasable","17":"product-type-simple"},"_links":{"self":[{"href":"https:\/\/www.llibreriasantjordi.cat\/es\/wp-json\/wp\/v2\/product\/1952","targetHints":{"allow":["GET"]}}],"collection":[{"href":"https:\/\/www.llibreriasantjordi.cat\/es\/wp-json\/wp\/v2\/product"}],"about":[{"href":"https:\/\/www.llibreriasantjordi.cat\/es\/wp-json\/wp\/v2\/types\/product"}],"wp:featuredmedia":[{"embeddable":true,"href":"https:\/\/www.llibreriasantjordi.cat\/es\/wp-json\/wp\/v2\/media\/1223"}],"wp:attachment":[{"href":"https:\/\/www.llibreriasantjordi.cat\/es\/wp-json\/wp\/v2\/media?parent=1952"}],"wp:term":[{"taxonomy":"product_brand","embeddable":true,"href":"https:\/\/www.llibreriasantjordi.cat\/es\/wp-json\/wp\/v2\/product_brand?post=1952"},{"taxonomy":"product_cat","embeddable":true,"href":"https:\/\/www.llibreriasantjordi.cat\/es\/wp-json\/wp\/v2\/product_cat?post=1952"},{"taxonomy":"product_tag","embeddable":true,"href":"https:\/\/www.llibreriasantjordi.cat\/es\/wp-json\/wp\/v2\/product_tag?post=1952"}],"curies":[{"name":"wp","href":"https:\/\/api.w.org\/{rel}","templated":true}]}}