{"id":1947,"date":"2025-04-07T17:03:38","date_gmt":"2025-04-07T15:03:38","guid":{"rendered":"https:\/\/www.llibreriasantjordi.cat\/?post_type=product&#038;p=1947"},"modified":"2025-08-24T17:57:28","modified_gmt":"2025-08-24T15:57:28","slug":"plou-i-fa-sol","status":"publish","type":"product","link":"https:\/\/www.llibreriasantjordi.cat\/es\/producte\/plou-i-fa-sol\/","title":{"rendered":"Plou i fa sol"},"content":{"rendered":"<div class=\"wpb-content-wrapper\"><p>[vc_row css_animation=\u00bb\u00bb row_type=\u00bbrow\u00bb use_row_as_full_screen_section=\u00bbno\u00bb type=\u00bbfull_width\u00bb angled_section=\u00bbno\u00bb text_align=\u00bbleft\u00bb background_image_as_pattern=\u00bbwithout_pattern\u00bb][vc_column][vc_column_text css=\u00bb\u00bb]<strong>Editorial:<\/strong> Estrella Polar<br \/>\n<strong>ISBN:<\/strong> 9788413891729<br \/>\n<strong>Idioma:<\/strong> Catal\u00e1n<br \/>\n<strong>N\u00famero de p\u00e1ginas:<\/strong> 12<br \/>\n<strong>Encuadernaci\u00f3n:<\/strong> Tapa dura<br \/>\n<strong>Fecha de publicaci\u00f3n:<\/strong> 29\/06\/2022[\/vc_column_text][\/vc_column][\/vc_row]<\/p>\n<\/div>","protected":false},"excerpt":{"rendered":"<p>\u00a1Aprende las canciones m\u00e1s populares de la cultura catalana con estos libros de sonidos! En cada p\u00e1gina un fragmento de la canci\u00f3n con su parte de letra, \u00a1y al final de todo, la podr\u00e1s cantar entera! <a class=\"continue\" href=\"https:\/\/www.llibreriasantjordi.cat\/es\/producte\/plou-i-fa-sol\/\">CONTINUAR >><span> Plou i fa sol<\/span><\/a><\/p>\n","protected":false},"featured_media":1215,"template":"","meta":{"_joinchat":[]},"product_brand":[],"product_cat":[173,176,183],"product_tag":[312],"class_list":{"0":"post-1947","1":"product","2":"type-product","3":"status-publish","4":"has-post-thumbnail","6":"product_cat-catalan","7":"product_cat-de-0-a-2-anos","8":"product_cat-infantil-es","9":"product_tag-laia-berloso-es","11":"first","12":"instock","13":"taxable","14":"shipping-taxable","15":"purchasable","16":"product-type-simple"},"_links":{"self":[{"href":"https:\/\/www.llibreriasantjordi.cat\/es\/wp-json\/wp\/v2\/product\/1947","targetHints":{"allow":["GET"]}}],"collection":[{"href":"https:\/\/www.llibreriasantjordi.cat\/es\/wp-json\/wp\/v2\/product"}],"about":[{"href":"https:\/\/www.llibreriasantjordi.cat\/es\/wp-json\/wp\/v2\/types\/product"}],"wp:featuredmedia":[{"embeddable":true,"href":"https:\/\/www.llibreriasantjordi.cat\/es\/wp-json\/wp\/v2\/media\/1215"}],"wp:attachment":[{"href":"https:\/\/www.llibreriasantjordi.cat\/es\/wp-json\/wp\/v2\/media?parent=1947"}],"wp:term":[{"taxonomy":"product_brand","embeddable":true,"href":"https:\/\/www.llibreriasantjordi.cat\/es\/wp-json\/wp\/v2\/product_brand?post=1947"},{"taxonomy":"product_cat","embeddable":true,"href":"https:\/\/www.llibreriasantjordi.cat\/es\/wp-json\/wp\/v2\/product_cat?post=1947"},{"taxonomy":"product_tag","embeddable":true,"href":"https:\/\/www.llibreriasantjordi.cat\/es\/wp-json\/wp\/v2\/product_tag?post=1947"}],"curies":[{"name":"wp","href":"https:\/\/api.w.org\/{rel}","templated":true}]}}