{"id":1894,"date":"2024-10-08T16:49:15","date_gmt":"2024-10-08T14:49:15","guid":{"rendered":"https:\/\/www.llibreriasantjordi.cat\/?page_id=1894"},"modified":"2025-05-12T19:43:00","modified_gmt":"2025-05-12T17:43:00","slug":"politica-de-privacidad-redes-sociales","status":"publish","type":"page","link":"https:\/\/www.llibreriasantjordi.cat\/es\/inicio\/politica-de-privacidad-redes-sociales\/","title":{"rendered":"Pol\u00edtica de privacidad redes sociales"},"content":{"rendered":"<div class=\"wpb-content-wrapper\"><p>[vc_row css_animation=\u00bb\u00bb row_type=\u00bbrow\u00bb use_row_as_full_screen_section=\u00bbno\u00bb type=\u00bbgrid\u00bb angled_section=\u00bbno\u00bb text_align=\u00bbleft\u00bb background_image_as_pattern=\u00bbwithout_pattern\u00bb z_index=\u00bb\u00bb padding_top=\u00bb30&#8243;][vc_column][vc_column_text css=\u00bb\u00bb]<\/p>\n<p style=\"text-align: right;\"><a href=\"\/es\">Inicio<\/a> \/\/ <strong>Pol\u00edtica de privacidad redes sociales<\/strong><\/p>\n<p>[\/vc_column_text][\/vc_column][\/vc_row][vc_row css_animation=\u00bb\u00bb row_type=\u00bbrow\u00bb use_row_as_full_screen_section=\u00bbno\u00bb type=\u00bbgrid\u00bb angled_section=\u00bbno\u00bb text_align=\u00bbleft\u00bb background_image_as_pattern=\u00bbwithout_pattern\u00bb z_index=\u00bb\u00bb padding_top=\u00bb75&#8243; padding_bottom=\u00bb75&#8243; anchor=\u00bbinici\u00bb][vc_column][vc_column_text css=\u00bb\u00bb]<\/p>\n<h1>POL\u00cdTICA DE PRIVACIDAD REDES SOCIALES<\/h1>\n<p>[\/vc_column_text][vc_separator type=\u00bbsmall\u00bb position=\u00bbleft\u00bb up=\u00bb15&#8243; down=\u00bb50&#8243; color=\u00bb#000000&#8243; thickness=\u00bb1&#8243; width=\u00bb100&#8243;][vc_column_text css=\u00bb\u00bb]De conformidad con lo que establece la normativa vigente en Protecci\u00f3n de Datos de Car\u00e1cter Personal (RGPD) y la Ley 34\/2002, de 11 de julio, de Servicios de la Sociedad de la Informaci\u00f3n y de Comercio Electr\u00f3nico (LSSI-CE), LIBRERIA SANT JORDI \u2013 ALBA VILARDELL BASCOMPTE informa a los usuarios, que se ha creado un perfil\/ publicitar sus productos y servicios.<\/p>\n<p>&nbsp;<\/p>\n<p>Datos de LIBRERIA SANT JORDI \u2013 ALBA VILARDELL BASCOMPTE:<\/p>\n<p>&nbsp;<\/p>\n<ul>\n<li style=\"list-style-type: none;\">\n<ul>\n<li style=\"list-style-type: none;\">\n<ul>\n<li><strong>NIF:<\/strong> <span style=\"font-weight: 400;\">77312157A<\/span><\/li>\n<li><strong>DIRECCI\u00d3N:<\/strong> C\/ MAJOR 87 DE TONA (BARCELONA)<\/li>\n<li><strong>CORREO ELECTR\u00d3NICO:<\/strong> info@llibreriasantjordi.cat<\/li>\n<li><strong>DOMINIO WEB:<\/strong> www.llibreriasantjordi.cat<\/li>\n<\/ul>\n<\/li>\n<\/ul>\n<\/li>\n<\/ul>\n<p>&nbsp;<\/p>\n<p>El usuario dispone de un perfil en la misma Red Social y ha decidido unirse a la p\u00e1gina creada por LLIBRERIA SANT JORDI \u2013 ALBA VILARDELL BASCOMPTE, mostrando as\u00ed inter\u00e9s en la informaci\u00f3n que se publicite en la Red. Al unirse a nuestra p\u00e1gina, nos facilita su consentimiento para el tratamiento de aquellos datos personales publicados en su perfil.<\/p>\n<p>&nbsp;<\/p>\n<p>El usuario puede acceder en todo momento a las pol\u00edticas de privacidad de la propia Red Social, as\u00ed como configurar su perfil para garantizar su privacidad.<\/p>\n<p>&nbsp;<\/p>\n<p>LIBRER\u00cdA SANT JORDI \u2013 ALBA VILARDELL BASCOMPTE tiene acceso y trata la informaci\u00f3n p\u00fablica del usuario, especialmente, su nombre de contacto. Estos datos s\u00f3lo son utilizados dentro de la propia Red Social. No son incorporadas a ning\u00fan archivo.<\/p>\n<p>&nbsp;<\/p>\n<p>Con relaci\u00f3n a los derechos de acceso, rectificaci\u00f3n, limitaci\u00f3n de tratamiento, supresi\u00f3n, portabilidad y oposici\u00f3n al tratamiento, de los que usted dispone y que pueden ser ejercidos ante LIBRERIA SANT JORDI \u2013 ALBA VILARDELL BASCOMPTE, de acuerdo con el RGPD, debe tener en cuenta los siguientes matices:<\/p>\n<p>&nbsp;<\/p>\n<ul>\n<li style=\"list-style-type: none;\">\n<ul>\n<li style=\"list-style-type: none;\">\n<ul>\n<li><strong>Acceso:<\/strong> vendr\u00e1 definido por la funcionalidad de la Red Social y la capacidad de acceso a la informaci\u00f3n de los perfiles de los usuarios.<\/li>\n<li><strong>Rectificaci\u00f3n:<\/strong> s\u00f3lo podr\u00e1 satisfacerse con relaci\u00f3n a la informaci\u00f3n que se encuentre bajo el control de LIBRERIA SANT JORDI \u2013 ALBA VILARDELL BASCOMPTE, por ejemplo, eliminar comentarios publicados en la misma p\u00e1gina Normalmente, este derecho debe ejercerlo ante la Red Social.<\/li>\n<li><strong>Cancelaci\u00f3n y\/u oposici\u00f3n:<\/strong> como en el caso anterior, s\u00f3lo podr\u00e1 satisfacerse con relaci\u00f3n a la informaci\u00f3n que se encuentre bajo el control de LIBRERIA SANT JORDI \u2013 ALBA VILARDELL BASCOMPTE, por ejemplo, dejar de estar unido al perfil.<\/li>\n<\/ul>\n<\/li>\n<\/ul>\n<\/li>\n<\/ul>\n<p>&nbsp;<\/p>\n<p>LIBRERIA SANT JORDI \u2013 ALBA VILARDELL BASCOMPTE llevar\u00e1 a cabo las siguientes actuaciones:<\/p>\n<p>&nbsp;<\/p>\n<ul>\n<li style=\"list-style-type: none;\">\n<ul>\n<li style=\"list-style-type: none;\">\n<ul>\n<li>Acceso a la informaci\u00f3n p\u00fablica del perfil.<\/li>\n<li>Publicaci\u00f3n en el perfil del usuario de toda aquella informaci\u00f3n ya publicada en la p\u00e1gina de LLIBRERIA SANT JORDI \u2013 ALBA VILARDELL BASCOMPTE.<\/li>\n<li>Enviar mensajes personales e individuales a trav\u00e9s de los canales de la Red Social.<\/li>\n<li>Actualizaciones del estado de la p\u00e1gina que se publicar\u00e1n en el perfil del usuario.<\/li>\n<\/ul>\n<\/li>\n<\/ul>\n<\/li>\n<\/ul>\n<p>&nbsp;<\/p>\n<p>El usuario siempre puede controlar sus conexiones, eliminar los contenidos que dejen de interesar y restringir con quien comparte sus conexiones, para lo cual deber\u00e1 acceder a su configuraci\u00f3n de privacidad.<\/p>\n<p>[vc_empty_space height=\u00bb60&#8243;]<\/p>\n<h2>PUBLICACIONES<\/h2>\n<p>[vc_separator type=\u00bbsmall\u00bb position=\u00bbleft\u00bb color=\u00bb#000000&#8243; thickness=\u00bb1&#8243; width=\u00bb50&#8243; up=\u00bb15&#8243; down=\u00bb40&#8243;]<\/p>\n<p>El usuario, una vez unido a la p\u00e1gina de LLIBRERIA SANT JORDI \u2013 ALBA VILARDELL BASCOMPTE, podr\u00e1 publicar en esta \u00faltima comentarios, enlaces, im\u00e1genes o fotograf\u00edas o cualquier otro tipo de contenido multimedia soportado por la Red Social. El usuario, en todos los casos, debe ser el titular de \u00e9stos, gozar de los derechos de autor y de propiedad intelectual o contar con el consentimiento de los terceros afectados. Se proh\u00edbe expresamente cualquier publicaci\u00f3n en la p\u00e1gina, ya sean textos, gr\u00e1ficos, fotograf\u00edas, v\u00eddeos, etc. que atenten o sean susceptibles de atentar contra la moral, la \u00e9tica, el buen gusto o el decoro, y\/o que infrinjan, violen o infrinjan los derechos de propiedad intelectual o industrial. VILARDELL BASCOMPTE se reserva el derecho a retirar de inmediato el contenido, pudiendo solicitar el bloqueo permanente del usuario.<\/p>\n<p>&nbsp;<\/p>\n<p>LIBRERIA SANT JORDI \u2013 ALBA VILARDELL BASCOMPTE no se har\u00e1 responsable de los contenidos que libremente ha publicado un usuario.<\/p>\n<p>&nbsp;<\/p>\n<p>El usuario debe tener presente que sus publicaciones ser\u00e1n conocidas por los dem\u00e1s usuarios, por lo que \u00e9l mismo es el principal responsable de su privacidad.<\/p>\n<p>&nbsp;<\/p>\n<p>Las im\u00e1genes que se puedan publicar en la p\u00e1gina no ser\u00e1n almacenadas en ning\u00fan fichero por parte de LIBRERIA SANT JORDI \u2013 ALBA VILARDELL BASCOMPTE, pero s\u00ed permanecer\u00e1n en la Red Social.<\/p>\n<p>[vc_empty_space height=\u00bb60&#8243;]<\/p>\n<h2>CONCURSOS Y PROMOCIONES<\/h2>\n<p>[vc_separator type=\u00bbsmall\u00bb position=\u00bbleft\u00bb color=\u00bb#000000&#8243; thickness=\u00bb1&#8243; width=\u00bb50&#8243; up=\u00bb15&#8243; down=\u00bb40&#8243;]<\/p>\n<p>LIBRERIA SANT JORDI \u2013 ALBA VILARDELL BASCOMPTE se reserva el derecho a realizar concursos y promociones, en los que podr\u00e1 participar el usuario unido a su p\u00e1gina. Las bases de cada uno de ellos, cuando se utilice para ello la plataforma de la Red Social, ser\u00e1n publicadas en la misma. Cumpliendo siempre con la LSSI-CE y cualquier otra norma que le sea de aplicaci\u00f3n.<\/p>\n<p>&nbsp;<\/p>\n<p>La Red Social no patrocina, avala ni administra, en modo alguno, ninguna de nuestras promociones, ni est\u00e1 asociada a ninguna de ellas.<\/p>\n<p>[vc_empty_space height=\u00bb60&#8243;]<\/p>\n<h2>PUBLICIDAD<\/h2>\n<p>[vc_separator type=\u00bbsmall\u00bb position=\u00bbleft\u00bb color=\u00bb#000000&#8243; thickness=\u00bb1&#8243; width=\u00bb50&#8243; up=\u00bb15&#8243; down=\u00bb40&#8243;]<\/p>\n<p>LIBRER\u00cdA SANT JORDI \u2013 ALBA VILARDELL BASCOMPTE utilizar\u00e1 la Red Social para publicitar sus productos y servicios, en todo caso, si decide tratar sus datos de contacto para realizar acciones directas de prospecci\u00f3n comercial, ser\u00e1 siempre, cumpliendo con las exigencias legales del RGPD y de la LSSI-CE.<\/p>\n<p>&nbsp;<\/p>\n<p>No se considera publicidad el hecho de recomendar a otros usuarios la p\u00e1gina de LLIBRERIA SANT JORDI \u2013 ALBA VILARDELL BASCOMPTE para que tambi\u00e9n ellos puedan disfrutar de las promociones o estar informados de su actividad.[\/vc_column_text][\/vc_column][\/vc_row]<\/p>\n<\/div>","protected":false},"excerpt":{"rendered":"<p>[vc_row css_animation=\u00bb\u00bb row_type=\u00bbrow\u00bb use_row_as_full_screen_section=\u00bbno\u00bb type=\u00bbgrid\u00bb angled_section=\u00bbno\u00bb text_align=\u00bbleft\u00bb background_image_as_pattern=\u00bbwithout_pattern\u00bb z_index=\u00bb\u00bb padding_top=\u00bb30&#8243;][vc_column][vc_column_text css=\u00bb\u00bb] Inicio \/\/ Pol\u00edtica de privacidad redes sociales [\/vc_column_text][\/vc_column][\/vc_row][vc_row css_animation=\u00bb\u00bb row_type=\u00bbrow\u00bb use_row_as_full_screen_section=\u00bbno\u00bb type=\u00bbgrid\u00bb angled_section=\u00bbno\u00bb text_align=\u00bbleft\u00bb background_image_as_pattern=\u00bbwithout_pattern\u00bb z_index=\u00bb\u00bb padding_top=\u00bb75&#8243; padding_bottom=\u00bb75&#8243; anchor=\u00bbinici\u00bb][vc_column][vc_column_text css=\u00bb\u00bb] POL\u00cdTICA DE PRIVACIDAD REDES SOCIALES [\/vc_column_text][vc_separator type=\u00bbsmall\u00bb position=\u00bbleft\u00bb up=\u00bb15&#8243; down=\u00bb50&#8243; color=\u00bb#000000&#8243; thickness=\u00bb1&#8243; width=\u00bb100&#8243;][vc_column_text css=\u00bb\u00bb]De&hellip; <a class=\"continue\" href=\"https:\/\/www.llibreriasantjordi.cat\/es\/inicio\/politica-de-privacidad-redes-sociales\/\">CONTINUAR >><span> Pol\u00edtica de privacidad redes sociales<\/span><\/a><\/p>\n","protected":false},"author":1,"featured_media":0,"parent":1757,"menu_order":0,"comment_status":"closed","ping_status":"closed","template":"full_width.php","meta":{"_joinchat":[],"footnotes":""},"class_list":["post-1894","page","type-page","status-publish","hentry"],"_links":{"self":[{"href":"https:\/\/www.llibreriasantjordi.cat\/es\/wp-json\/wp\/v2\/pages\/1894","targetHints":{"allow":["GET"]}}],"collection":[{"href":"https:\/\/www.llibreriasantjordi.cat\/es\/wp-json\/wp\/v2\/pages"}],"about":[{"href":"https:\/\/www.llibreriasantjordi.cat\/es\/wp-json\/wp\/v2\/types\/page"}],"author":[{"embeddable":true,"href":"https:\/\/www.llibreriasantjordi.cat\/es\/wp-json\/wp\/v2\/users\/1"}],"replies":[{"embeddable":true,"href":"https:\/\/www.llibreriasantjordi.cat\/es\/wp-json\/wp\/v2\/comments?post=1894"}],"version-history":[{"count":3,"href":"https:\/\/www.llibreriasantjordi.cat\/es\/wp-json\/wp\/v2\/pages\/1894\/revisions"}],"predecessor-version":[{"id":1897,"href":"https:\/\/www.llibreriasantjordi.cat\/es\/wp-json\/wp\/v2\/pages\/1894\/revisions\/1897"}],"up":[{"embeddable":true,"href":"https:\/\/www.llibreriasantjordi.cat\/es\/wp-json\/wp\/v2\/pages\/1757"}],"wp:attachment":[{"href":"https:\/\/www.llibreriasantjordi.cat\/es\/wp-json\/wp\/v2\/media?parent=1894"}],"curies":[{"name":"wp","href":"https:\/\/api.w.org\/{rel}","templated":true}]}}