{"id":1878,"date":"2024-10-08T15:46:44","date_gmt":"2024-10-08T13:46:44","guid":{"rendered":"https:\/\/www.llibreriasantjordi.cat\/?page_id=1878"},"modified":"2025-12-17T09:34:30","modified_gmt":"2025-12-17T07:34:30","slug":"aviso-legal","status":"publish","type":"page","link":"https:\/\/www.llibreriasantjordi.cat\/es\/inicio\/aviso-legal\/","title":{"rendered":"Aviso legal"},"content":{"rendered":"<div class=\"wpb-content-wrapper\"><p>[vc_row css_animation=\u00bb\u00bb row_type=\u00bbrow\u00bb use_row_as_full_screen_section=\u00bbno\u00bb type=\u00bbgrid\u00bb angled_section=\u00bbno\u00bb text_align=\u00bbleft\u00bb background_image_as_pattern=\u00bbwithout_pattern\u00bb z_index=\u00bb\u00bb padding_top=\u00bb30&#8243;][vc_column][vc_column_text css=\u00bb\u00bb]<\/p>\n<p style=\"text-align: right;\"><a href=\"\/es\">Inicio<\/a> \/\/ <strong>Aviso legal<\/strong><\/p>\n<p>[\/vc_column_text][\/vc_column][\/vc_row][vc_row css_animation=\u00bb\u00bb row_type=\u00bbrow\u00bb use_row_as_full_screen_section=\u00bbno\u00bb type=\u00bbgrid\u00bb angled_section=\u00bbno\u00bb text_align=\u00bbleft\u00bb background_image_as_pattern=\u00bbwithout_pattern\u00bb z_index=\u00bb\u00bb padding_top=\u00bb75&#8243; padding_bottom=\u00bb75&#8243; anchor=\u00bbinici\u00bb][vc_column][vc_column_text css=\u00bb\u00bb]<\/p>\n<h1>AVISO LEGAL<\/h1>\n<p>[\/vc_column_text][vc_separator type=\u00bbsmall\u00bb position=\u00bbleft\u00bb up=\u00bb15&#8243; down=\u00bb50&#8243; color=\u00bb#000000&#8243; thickness=\u00bb1&#8243; width=\u00bb100&#8243;][vc_column_text css=\u00bb\u00bb]En cumplimiento de la Ley 34\/2002, de 11 de julio, de Servicios de la Sociedad de la Informaci\u00f3n y de Comercio Electr\u00f3nico (LSSI-CE), LIBRERIA SANT JORDI &#8211; ALBA VILARDELL BASCOMPTE informa que es titular del sitio web www.llibreriasantjordi.cat. De acuerdo con la exigencia del art\u00edculo 10 de la citada Ley, LIBRERIA SANT JORDI \u2013 ALBA VILARDELL BASCOMPTE informa de los siguientes datos:<\/p>\n<p>&nbsp;<\/p>\n<p>El titular de este sitio web es LIBRERIA SANT JORDI \u2013 ALBA VILARDELL BASCOMPTE, con NIF 77312157A y domicilio social en C\/ MAYOR 87 DE TONA (BARCELONA). La direcci\u00f3n de correo electr\u00f3nico de contacto con la empresa es: info@llibreriasantjordi.cat.<\/p>\n<p>[vc_empty_space height=\u00bb60&#8243;]<\/p>\n<h2>USUARIO Y R\u00c9GIMEN DE RESPONSABILIDADES<\/h2>\n<p>[vc_separator type=\u00bbsmall\u00bb position=\u00bbleft\u00bb color=\u00bb#000000&#8243; thickness=\u00bb1&#8243; width=\u00bb50&#8243; up=\u00bb15&#8243; down=\u00bb40&#8243;]<\/p>\n<p>La navegaci\u00f3n, acceso y uso por el sitio web de LLIBRERIA SANT JORDI \u2013 ALBA VILARDELL BASCOMPTE confiere la condici\u00f3n de usuario, por la que se aceptan, desde la navegaci\u00f3n por el sitio web de LIBRER\u00cdA SANT JORDI \u2013 ALBA VILARDELL BASCOMPTE, todas las condiciones de uso aqu\u00ed establecidas de acuerdo con el caso legal de aplicaci\u00f3n aqu\u00ed.<\/p>\n<p>&nbsp;<\/p>\n<p>El sitio web de LIBRERIA SANT JORDI &#8211; ALBA VILARDELL BASCOMPTE proporciona gran diversidad de informaci\u00f3n, servicios y datos. El usuario asume su responsabilidad en el correcto uso del sitio web. Esta responsabilidad se extender\u00e1 a:<\/p>\n<p>&nbsp;<\/p>\n<ul>\n<li style=\"list-style-type: none;\">\n<ul>\n<li style=\"list-style-type: none;\">\n<ul>\n<li>La veracidad y licitud de las informaciones aportadas por el usuario en los formularios ofrecidos por LLIBRERIA SANT JORDI \u2013 ALBA VILARDELL BASCOMPTE para el acceso a determinados contenidos o servicios ofrecidos por la web.<\/li>\n<li>El uso de la informaci\u00f3n, servicios y datos ofrecidos por LIBRERIA SANT JORDI \u2013 ALBA VILARDELL BASCOMPTE contrariamente a lo dispuesto por las presentes condiciones, la Ley, la moral, las buenas costumbres o el orden p\u00fablico, o que de cualquier otra forma pueda suponer lesi\u00f3n de los derechos de terceros o del propio funcionamiento del sitio web.<\/li>\n<\/ul>\n<\/li>\n<\/ul>\n<\/li>\n<\/ul>\n<p>[vc_empty_space height=\u00bb60&#8243;]<\/p>\n<h2>POL\u00cdTICA DE ENLACES Y EXENCIONES DE RESPONSABILIDAD<\/h2>\n<p>[vc_separator type=\u00bbsmall\u00bb position=\u00bbleft\u00bb color=\u00bb#000000&#8243; thickness=\u00bb1&#8243; width=\u00bb50&#8243; up=\u00bb15&#8243; down=\u00bb40&#8243;]<\/p>\n<p>LIBRERIA SANT JORDI \u2013 ALBA VILARDELL BASCOMPTE no se hace responsable del contenido de los sitios web a los que el usuario pueda acceder a trav\u00e9s de los enlaces establecidos en su sitio web y declara que en ning\u00fan caso examinar\u00e1 o ejercitar ning\u00fan tipo de control sobre el contenido de otros sitios de la red. Asimismo, tampoco garantizar\u00e1 la disponibilidad t\u00e9cnica, exactitud, veracidad, validez o legalidad de sitios ajenos a su propiedad a los que se pueda acceder por medio de los enlaces.<\/p>\n<p>&nbsp;<\/p>\n<p>LIBRERIA SANT JORDI \u2013 ALBA VILARDELL BASCOMPTE declara haber adoptado todas las medidas necesarias para evitar cualquier da\u00f1o a los usuarios de su sitio web, que pudieran derivarse de la navegaci\u00f3n por su sitio web. En consecuencia, LIBRERIA SANT JORDI \u2013 ALBA VILARDELL BASCOMPTE no se hace responsable, en ning\u00fan caso, de los eventuales da\u00f1os que por la navegaci\u00f3n por Internet pudiera sufrir el usuario.<\/p>\n<p>[vc_empty_space height=\u00bb60&#8243;]<\/p>\n<h2>MODIFICACIONES<\/h2>\n<p>[vc_separator type=\u00bbsmall\u00bb position=\u00bbleft\u00bb color=\u00bb#000000&#8243; thickness=\u00bb1&#8243; width=\u00bb50&#8243; up=\u00bb15&#8243; down=\u00bb40&#8243;]<\/p>\n<p>LIBRERIA SANT JORDI \u2013 ALBA VILARDELL BASCOMPTE se reserva el derecho a realizar las modificaciones que considere oportunas, sin previo aviso, en el contenido de su sitio web. Tanto en lo que se refiere a los contenidos del sitio web, como en las condiciones de uso del mismo. Estas modificaciones podr\u00e1n realizarse a trav\u00e9s de su sitio web por cualquier forma admisible en derecho y ser\u00e1n de obligado cumplimiento durante el tiempo en que se encuentren publicadas en la web y hasta que no sean modificadas v\u00e1lidamente por otras posteriores.<\/p>\n<p>[vc_empty_space height=\u00bb60&#8243;]<\/p>\n<h2>PROTECCI\u00d3N DE DATOS<\/h2>\n<p>[vc_separator type=\u00bbsmall\u00bb position=\u00bbleft\u00bb color=\u00bb#000000&#8243; thickness=\u00bb1&#8243; width=\u00bb50&#8243; up=\u00bb15&#8243; down=\u00bb40&#8243;]<\/p>\n<p>De conformidad con lo que establece la normativa vigente en Protecci\u00f3n de Datos de Car\u00e1cter Personal, le informamos que sus datos ser\u00e1n incorporados al sistema de tratamiento titularidad de LIBRERIA SANT JORDI \u2013 ALBA VILARDELL BASCOMPTE con NIF 77312157A y domicilio social situado en C\/ MAYOR 87 DE TONA (BARCELONA) establecidos entre ambas partes. En cumplimiento de la normativa vigente, LIBRERIA SANT JORDI \u2013 ALBA VILARDELL BASCOMPTE informa que los datos ser\u00e1n conservados durante el plazo estrictamente necesario para cumplir con los preceptos mencionados anteriormente.<\/p>\n<p>&nbsp;<\/p>\n<p>Le informamos que trataremos sus datos de acuerdo con la existencia de su consentimiento y la relaci\u00f3n contractual que mantenemos con usted.<\/p>\n<p>&nbsp;<\/p>\n<p>LIBRERIA SANT JORDI \u2013 ALBA VILARDELL BASCOMPTE informa que tratar\u00e1 los datos de forma l\u00edcita, leal, transparente, adecuada, pertinente, limitada, exacta y actualizada. Es por ello que LIBRERIA SANT JORDI \u2013 ALBA VILARDELL BASCOMPTE se compromete a adoptar todas las medidas razonables para que \u00e9stos se supriman o rectifiquen sin dilaci\u00f3n cuando sean inexactas.<\/p>\n<p>&nbsp;<\/p>\n<p>De acuerdo con los derechos que le confiere la normativa vigente en protecci\u00f3n de datos podr\u00e1 ejercer los derechos de acceso, rectificaci\u00f3n, limitaci\u00f3n de tratamiento, supresi\u00f3n, portabilidad y oposici\u00f3n al tratamiento de sus datos de car\u00e1cter personal as\u00ed como del consentimiento prestado para el tratamiento de \u00e9stos, dirigiendo su petici\u00f3n a la direcci\u00f3n postal arriba indicada o al correo electr\u00f3nico info@librerias.<\/p>\n<p>&nbsp;<\/p>\n<p>Podr\u00e1 dirigirse a la Autoridad de Control competente para presentar la reclamaci\u00f3n que considere oportuna.<\/p>\n<p>[vc_empty_space height=\u00bb60&#8243;]<\/p>\n<h2>PROPIEDAD INTELECTUAL E INDUSTRIAL<\/h2>\n<p>[vc_separator type=\u00bbsmall\u00bb position=\u00bbleft\u00bb color=\u00bb#000000&#8243; thickness=\u00bb1&#8243; width=\u00bb50&#8243; up=\u00bb15&#8243; down=\u00bb40&#8243;]<\/p>\n<p>LIBRERIA SANT JORDI \u2013 ALBA VILARDELL BASCOMPTE por s\u00ed misma o como cesionaria, es titular de todos los derechos de propiedad intelectual e industrial de su p\u00e1gina web, as\u00ed como de los elementos contenidos en la misma (a t\u00edtulo enunciativo, im\u00e1genes, sonido, audio, v\u00eddeo, software o textos; marcas o logotipos, combinaciones de colores, estructura acceso y uso, etc.), titularidad de LIBRERIA SANT JORDI \u2013 ALBA VILARDELL BASCOMPTE . Ser\u00e1n, por tanto, obras protegidas como propiedad intelectual por el ordenamiento jur\u00eddico espa\u00f1ol, ser\u00e1 de aplicaci\u00f3n tanto la normativa espa\u00f1ola y comunitaria en este campo, como los tratados internacionales relativos a la materia y suscritos por Espa\u00f1a.<\/p>\n<p>&nbsp;<\/p>\n<p>Todos los derechos reservados. En virtud de lo dispuesto en la Ley de Propiedad Intelectual, quedan expresamente prohibidas la reproducci\u00f3n, distribuci\u00f3n y comunicaci\u00f3n p\u00fablica, incluida su modalidad de puesta a disposici\u00f3n, de la totalidad o parte de los contenidos de esta p\u00e1gina web, con fines comerciales, en cualquier soporte y por cualquier medio t\u00e9cnico, sin la autorizaci\u00f3n de LLIBRERIA SANT JORDI \u2013 ALBA VILARDELL BASCOMPTE.<\/p>\n<p>&nbsp;<\/p>\n<p>El usuario se compromete a respetar los derechos de Propiedad Intelectual e Industrial titularidad de LLIBRERIA SANT JORDI &#8211; ALBA VILARDELL BASCOMPTE . Podr\u00e1 visualizar los elementos del portal e incluso imprimirlos, copiarlos y almacenarlos en el disco duro de su ordenador o en cualquier otro soporte f\u00edsico siempre que sea, \u00fanicamente, para su uso personal y privado. El usuario deber\u00e1 abstenerse de suprimir, alterar, eludir o manipular cualquier dispositivo de protecci\u00f3n o sistema de seguridad que estuviera instalado en las p\u00e1ginas de LLIBRERIA SANT JORDI \u2013 ALBA VILARDELL BASCOMPTE.<\/p>\n<p>[vc_empty_space height=\u00bb60&#8243;]<\/p>\n<h2>POL\u00cdTICA DE VIDEOVIGILANCIA<\/h2>\n<p>[vc_separator type=\u00bbsmall\u00bb position=\u00bbleft\u00bb color=\u00bb#000000&#8243; thickness=\u00bb1&#8243; width=\u00bb50&#8243; up=\u00bb15&#8243; down=\u00bb40&#8243;]<\/p>\n<p><strong>Responsable del tratamiento<\/strong><br \/>\nM ALBA VILARDELL BASCUENTO &#8211; LIBRERIA SANT JORDI<br \/>\n77322157A<br \/>\nC\/ MAYOR 87 &#8211; 08551 TONEL (BARCELONA)<br \/>\ninfo@libreriasantjordi.cat<\/p>\n<p>&nbsp;<\/p>\n<p><strong>Finalidad del tratamiento<\/strong><br \/>\nLas im\u00e1genes captadas por el sistema de videovigilancia se tratan con la finalidad exclusiva de garantizar la seguridad de las personas, bienes e instalaciones, as\u00ed como prevenir robos o incidentes.<\/p>\n<p>&nbsp;<\/p>\n<p><strong>Base jur\u00eddica<\/strong><br \/>\nLa base legal del tratamiento es el inter\u00e9s leg\u00edtimo del responsable, de acuerdo con el art\u00edculo 6.1.f del Reglamento (UE) 2016\/679 (RGPD).<\/p>\n<p><strong>Conservaci\u00f3n de las im\u00e1genes<\/strong><br \/>\nLas im\u00e1genes se conservan durante un plazo m\u00e1ximo de 3 a 4 d\u00edas, y posteriormente se eliminan autom\u00e1ticamente, salvo cuando sea necesario conservarlas para acreditar la comisi\u00f3n de actos que atenten contra la integridad de personas, bienes o instalaciones. En tal caso, las im\u00e1genes se conservar\u00e1n \u00fanicamente mientras sean necesarias para las actuaciones correspondientes.<\/p>\n<p>&nbsp;<\/p>\n<p><strong>Destinatarios<\/strong><br \/>\nLas im\u00e1genes no se comunicar\u00e1n a terceros, salvo obligaci\u00f3n legal o cuando sea necesario ponerlas a disposici\u00f3n de las fuerzas y cuerpos de seguridad o autoridades judiciales.<\/p>\n<p>&nbsp;<\/p>\n<p><strong>Derechos de las personas interesadas<\/strong><br \/>\nPuede ejercer los derechos de acceso, supresi\u00f3n, limitaci\u00f3n del tratamiento y oposici\u00f3n, dirigiendo una solicitud a:<br \/>\ninfo@libreriasantjordi.cat<br \/>\nC\/ MAYOR 87 &#8211; 08551 TONEL (BARCELONA)<\/p>\n<p>&nbsp;<\/p>\n<p>Asimismo, tiene derecho a presentar una reclamaci\u00f3n ante la Agencia Espa\u00f1ola de Protecci\u00f3n de Datos (www.aepd.es) si considera que el tratamiento no se ajusta a la normativa vigente.<\/p>\n<p>&nbsp;<\/p>\n<p><strong>Informaci\u00f3n adicional<\/strong><br \/>\nLas c\u00e1maras no graban zonas de v\u00eda p\u00fablica ni espacios no autorizados, salvo la franja m\u00ednima imprescindible para garantizar la seguridad del acceso al establecimiento.<\/p>\n<p>[vc_empty_space height=\u00bb60&#8243;]<\/p>\n<h2>ACCIONES LEGALES, LEGISLACI\u00d3N APLICABLE Y JURISDICCI\u00d3N<\/h2>\n<p>[vc_separator type=\u00bbsmall\u00bb position=\u00bbleft\u00bb color=\u00bb#000000&#8243; thickness=\u00bb1&#8243; width=\u00bb50&#8243; up=\u00bb15&#8243; down=\u00bb40&#8243;]<\/p>\n<p>LIBRERIA SANT JORDI \u2013 ALBA VILARDELL BASCOMPTE se reserva, asimismo, la facultad de presentar las acciones civiles o penales que considere oportunas por la utilizaci\u00f3n indebida de su sitio web y contenidos, o por el incumplimiento de las presentes condiciones.<\/p>\n<p>&nbsp;<\/p>\n<p>La relaci\u00f3n entre el usuario y el prestamista se regir\u00e1 por la normativa vigente y de aplicaci\u00f3n en territorio espa\u00f1ol. De surgir cualquier controversia las partes podr\u00e1n someter sus conflictos a arbitraje o acudir a la jurisdicci\u00f3n ordinaria cumpliendo con las normas sobre jurisdicci\u00f3n y competencia al respecto. LIBRERIA SANT JORDI \u2013 ALBA VILARDELL BASCOMPTE tiene su domicilio en TONA, Espa\u00f1a.[\/vc_column_text][\/vc_column][\/vc_row]<\/p>\n<\/div>","protected":false},"excerpt":{"rendered":"<p>[vc_row css_animation=\u00bb\u00bb row_type=\u00bbrow\u00bb use_row_as_full_screen_section=\u00bbno\u00bb type=\u00bbgrid\u00bb angled_section=\u00bbno\u00bb text_align=\u00bbleft\u00bb background_image_as_pattern=\u00bbwithout_pattern\u00bb z_index=\u00bb\u00bb padding_top=\u00bb30&#8243;][vc_column][vc_column_text css=\u00bb\u00bb] Inicio \/\/ Aviso legal [\/vc_column_text][\/vc_column][\/vc_row][vc_row css_animation=\u00bb\u00bb row_type=\u00bbrow\u00bb use_row_as_full_screen_section=\u00bbno\u00bb type=\u00bbgrid\u00bb angled_section=\u00bbno\u00bb text_align=\u00bbleft\u00bb background_image_as_pattern=\u00bbwithout_pattern\u00bb z_index=\u00bb\u00bb padding_top=\u00bb75&#8243; padding_bottom=\u00bb75&#8243; anchor=\u00bbinici\u00bb][vc_column][vc_column_text css=\u00bb\u00bb] AVISO LEGAL [\/vc_column_text][vc_separator type=\u00bbsmall\u00bb position=\u00bbleft\u00bb up=\u00bb15&#8243; down=\u00bb50&#8243; color=\u00bb#000000&#8243; thickness=\u00bb1&#8243; width=\u00bb100&#8243;][vc_column_text css=\u00bb\u00bb]En cumplimiento de la Ley 34\/2002, de&hellip; <a class=\"continue\" href=\"https:\/\/www.llibreriasantjordi.cat\/es\/inicio\/aviso-legal\/\">CONTINUAR >><span> Aviso legal<\/span><\/a><\/p>\n","protected":false},"author":1,"featured_media":0,"parent":1757,"menu_order":0,"comment_status":"closed","ping_status":"closed","template":"full_width.php","meta":{"_joinchat":[],"footnotes":""},"class_list":["post-1878","page","type-page","status-publish","hentry"],"_links":{"self":[{"href":"https:\/\/www.llibreriasantjordi.cat\/es\/wp-json\/wp\/v2\/pages\/1878","targetHints":{"allow":["GET"]}}],"collection":[{"href":"https:\/\/www.llibreriasantjordi.cat\/es\/wp-json\/wp\/v2\/pages"}],"about":[{"href":"https:\/\/www.llibreriasantjordi.cat\/es\/wp-json\/wp\/v2\/types\/page"}],"author":[{"embeddable":true,"href":"https:\/\/www.llibreriasantjordi.cat\/es\/wp-json\/wp\/v2\/users\/1"}],"replies":[{"embeddable":true,"href":"https:\/\/www.llibreriasantjordi.cat\/es\/wp-json\/wp\/v2\/comments?post=1878"}],"version-history":[{"count":4,"href":"https:\/\/www.llibreriasantjordi.cat\/es\/wp-json\/wp\/v2\/pages\/1878\/revisions"}],"predecessor-version":[{"id":2757,"href":"https:\/\/www.llibreriasantjordi.cat\/es\/wp-json\/wp\/v2\/pages\/1878\/revisions\/2757"}],"up":[{"embeddable":true,"href":"https:\/\/www.llibreriasantjordi.cat\/es\/wp-json\/wp\/v2\/pages\/1757"}],"wp:attachment":[{"href":"https:\/\/www.llibreriasantjordi.cat\/es\/wp-json\/wp\/v2\/media?parent=1878"}],"curies":[{"name":"wp","href":"https:\/\/api.w.org\/{rel}","templated":true}]}}