{"id":1859,"date":"2025-03-28T09:15:10","date_gmt":"2025-03-28T07:15:10","guid":{"rendered":"https:\/\/www.llibreriasantjordi.cat\/?page_id=1859"},"modified":"2025-05-12T19:13:03","modified_gmt":"2025-05-12T17:13:03","slug":"pedido-libreria","status":"publish","type":"page","link":"https:\/\/www.llibreriasantjordi.cat\/es\/pedido-libreria\/","title":{"rendered":"Pedido librer\u00eda"},"content":{"rendered":"<div class=\"wpb-content-wrapper\"><p>[vc_row css_animation=\u00bb\u00bb row_type=\u00bbrow\u00bb use_row_as_full_screen_section=\u00bbno\u00bb type=\u00bbgrid\u00bb angled_section=\u00bbno\u00bb text_align=\u00bbleft\u00bb background_image_as_pattern=\u00bbwithout_pattern\u00bb z_index=\u00bb\u00bb padding_top=\u00bb30&#8243;][vc_column][vc_column_text css=\u00bb\u00bb]<a href=\"\/es\">Inicio<\/a> \/\/ <strong>Pedido librer\u00eda<\/strong>[\/vc_column_text][\/vc_column][\/vc_row][vc_row css_animation=\u00bb\u00bb row_type=\u00bbrow\u00bb use_row_as_full_screen_section=\u00bbno\u00bb type=\u00bbgrid\u00bb angled_section=\u00bbno\u00bb text_align=\u00bbleft\u00bb background_image_as_pattern=\u00bbwithout_pattern\u00bb z_index=\u00bb\u00bb padding_top=\u00bb75&#8243; padding_bottom=\u00bb0&#8243; anchor=\u00bbinici\u00bb][vc_column width=\u00bb1\/3&#8243;][vc_single_image image=\u00bb1017&#8243; img_size=\u00bbfull\u00bb css=\u00bb\u00bb qode_css_animation=\u00bb\u00bb][vc_empty_space height=\u00bb65px\u00bb][\/vc_column][vc_column width=\u00bb2\/3&#8243;][vc_column_text css=\u00bb\u00bb]<\/p>\n<h1>\u00bfNO ENCUENTRAS EL LIBRO QUE QUIERES EN NUESTRA TIENDA ONLINE?<\/h1>\n<p>[\/vc_column_text][vc_separator type=\u00bbsmall\u00bb position=\u00bbleft\u00bb up=\u00bb15&#8243; down=\u00bb50&#8243; color=\u00bb#000000&#8243; thickness=\u00bb1&#8243; width=\u00bb100&#8243;][vc_column_text css=\u00bb\u00bb]\u00a1Ning\u00fan problema! Rellena el formulario con todos los datos que tengas sobre el libro que quieres y nosotros haremos el resto!<\/p>\n<p>&nbsp;<\/p>\n<ol>\n<li style=\"list-style-type: none;\">\n<ol>\n<li style=\"list-style-type: none;\">\n<ol>\n<li><strong>Te confirmaremos por Whatsapp o email la recepci\u00f3n del pedido y te informaremos del precio<\/strong>.<\/li>\n<li>Si lo aceptas, procederemos con el pedido y <strong>te avisaremos por Whatsapp o por email cuando los puedes venir a recoger<\/strong>.<\/li>\n<\/ol>\n<\/li>\n<\/ol>\n<\/li>\n<\/ol>\n<p>[\/vc_column_text][vc_empty_space height=\u00bb75&#8243;][vc_column_text css=\u00bb\u00bb]<\/p>\n<h2>P\u00cdDENOS EL LIBRO QUE QUIERES<\/h2>\n<p>[\/vc_column_text][vc_separator type=\u00bbsmall\u00bb position=\u00bbleft\u00bb up=\u00bb15&#8243; down=\u00bb50&#8243; color=\u00bb#000000&#8243; thickness=\u00bb2&#8243; width=\u00bb50&#8243;]\n<div class=\"wpcf7 no-js\" id=\"wpcf7-f1775-o1\" lang=\"ca\" dir=\"ltr\" data-wpcf7-id=\"1775\">\n<div class=\"screen-reader-response\"><p role=\"status\" aria-live=\"polite\" aria-atomic=\"true\"><\/p> <ul><\/ul><\/div>\n<form action=\"\/es\/wp-json\/wp\/v2\/pages\/1859#wpcf7-f1775-o1\" method=\"post\" class=\"wpcf7-form init default\" aria-label=\"Formulari de contacte\" novalidate=\"novalidate\" data-status=\"init\">\n<fieldset class=\"hidden-fields-container\"><input type=\"hidden\" name=\"_wpcf7\" value=\"1775\" \/><input type=\"hidden\" name=\"_wpcf7_version\" value=\"6.1.5\" \/><input type=\"hidden\" name=\"_wpcf7_locale\" value=\"ca\" \/><input type=\"hidden\" name=\"_wpcf7_unit_tag\" value=\"wpcf7-f1775-o1\" \/><input type=\"hidden\" name=\"_wpcf7_container_post\" value=\"0\" \/><input type=\"hidden\" name=\"_wpcf7_posted_data_hash\" value=\"\" \/><input type=\"hidden\" name=\"_wpcf7_recaptcha_response\" value=\"\" \/>\n<\/fieldset>\n<div class=\"two-columns\">\n\t<div class=\"column\">\n\t\t<p><label> Nombre y apellidos<br \/>\n<span class=\"wpcf7-form-control-wrap\" data-name=\"your-name\"><input size=\"40\" maxlength=\"400\" class=\"wpcf7-form-control wpcf7-text wpcf7-validates-as-required\" aria-required=\"true\" aria-invalid=\"false\" value=\"\" type=\"text\" name=\"your-name\" \/><\/span> <\/label>\n\t\t<\/p>\n\t\t<p><label> Tel\u00e9fono de contacto<br \/>\n<span class=\"wpcf7-form-control-wrap\" data-name=\"your-phone\"><input size=\"40\" maxlength=\"400\" class=\"wpcf7-form-control wpcf7-text wpcf7-validates-as-required\" aria-required=\"true\" aria-invalid=\"false\" value=\"\" type=\"text\" name=\"your-phone\" \/><\/span> <\/label>\n\t\t<\/p>\n\t\t<p><label> Correo electr\u00f3nico (opcional)<br \/>\n<span class=\"wpcf7-form-control-wrap\" data-name=\"your-email\"><input size=\"40\" maxlength=\"400\" class=\"wpcf7-form-control wpcf7-email wpcf7-text wpcf7-validates-as-email\" aria-invalid=\"false\" value=\"\" type=\"email\" name=\"your-email\" \/><\/span> <\/label>\n\t\t<\/p>\n\t\t<p><label> Datos de facturaci\u00f3n (opcional)<br \/>\n<span class=\"wpcf7-form-control-wrap\" data-name=\"your-empresa\"><textarea cols=\"40\" rows=\"10\" maxlength=\"2000\" class=\"wpcf7-form-control wpcf7-textarea\" aria-invalid=\"false\" name=\"your-empresa\"><\/textarea><\/span> <\/label>\n\t\t<\/p>\n\t<\/div>\n\t<div class=\"column\">\n\t\t<p><label> ISBN <span class=\"wpcf7-form-control-wrap\" data-name=\"isbn\"><input size=\"40\" maxlength=\"400\" class=\"wpcf7-form-control wpcf7-text\" aria-invalid=\"false\" value=\"\" type=\"text\" name=\"isbn\" \/><\/span> <\/label>\n\t\t<\/p>\n\t\t<p><label> T\u00edtulo <span class=\"wpcf7-form-control-wrap\" data-name=\"titol\"><input size=\"40\" maxlength=\"400\" class=\"wpcf7-form-control wpcf7-text\" aria-invalid=\"false\" value=\"\" type=\"text\" name=\"titol\" \/><\/span> <\/label>\n\t\t<\/p>\n\t\t<p><label> Autor\/a <span class=\"wpcf7-form-control-wrap\" data-name=\"autor\"><input size=\"40\" maxlength=\"400\" class=\"wpcf7-form-control wpcf7-text\" aria-invalid=\"false\" value=\"\" type=\"text\" name=\"autor\" \/><\/span> <\/label>\n\t\t<\/p>\n\t\t<p><label> Versi\u00f3n <span class=\"wpcf7-form-control-wrap\" data-name=\"versio\"><select class=\"wpcf7-form-control wpcf7-select\" aria-invalid=\"false\" name=\"versio\"><option value=\"Tapa dura\">Tapa dura<\/option><option value=\"Tapa blanda\">Tapa blanda<\/option><option value=\"Libro de bolsillo\">Libro de bolsillo<\/option><option value=\"indiferente\">indiferente<\/option><\/select><\/span> <\/label>\n\t\t<\/p>\n\t\t<p><label> Idioma <span class=\"wpcf7-form-control-wrap\" data-name=\"idioma\"><select class=\"wpcf7-form-control wpcf7-select\" aria-invalid=\"false\" name=\"idioma\"><option value=\"Catalan\">Catalan<\/option><option value=\"Castella\">Castella<\/option><option value=\"Ingles\">Ingles<\/option><option value=\"Frances\">Frances<\/option><option value=\"Aleman\">Aleman<\/option><option value=\"Italiano\">Italiano<\/option><option value=\"Otros idiomas a especificar en las observaciones\">Otros idiomas a especificar en las observaciones<\/option><\/select><\/span> <\/label>\n\t\t<\/p>\n\t<\/div>\n<\/div>\n<p>&nbsp;\n<\/p>\n<p><label>Observaciones<br \/>\n<span class=\"wpcf7-form-control-wrap\" data-name=\"your-message\"><textarea cols=\"40\" rows=\"10\" maxlength=\"2000\" class=\"wpcf7-form-control wpcf7-textarea\" aria-invalid=\"false\" name=\"your-message\"><\/textarea><\/span> <\/label>\n<\/p>\n<p>&nbsp;\n<\/p>\n<p><small><span class=\"wpcf7-form-control-wrap\" data-name=\"aceptacio\"><span class=\"wpcf7-form-control wpcf7-radio\"><span class=\"wpcf7-list-item first\"><label><input type=\"radio\" name=\"aceptacio\" value=\"He le\u00eddo y acepto recibir informaci\u00f3n promocional de la LIBRERIA SANT JORDI.\" \/><span class=\"wpcf7-list-item-label\">He le\u00eddo y acepto recibir informaci\u00f3n promocional de la LIBRERIA SANT JORDI.<\/span><\/label><\/span><span class=\"wpcf7-list-item last\"><label><input type=\"radio\" name=\"aceptacio\" value=\"He le\u00eddo y NO acepto recibir informaci\u00f3n promocional de la LIBRERIA SANT JORDI.\" \/><span class=\"wpcf7-list-item-label\">He le\u00eddo y NO acepto recibir informaci\u00f3n promocional de la LIBRERIA SANT JORDI.<\/span><\/label><\/span><\/span><\/span><\/small>\n<\/p>\n<p>&nbsp;\n<\/p>\n<p><input class=\"wpcf7-form-control wpcf7-submit has-spinner\" type=\"submit\" value=\"ENV\u00cdA ENCARGO\" \/>\n<\/p><div class=\"wpcf7-response-output\" aria-hidden=\"true\"><\/div>\n<\/form>\n<\/div>\n[\/vc_column][\/vc_row][vc_row css_animation=\u00bb\u00bb row_type=\u00bbrow\u00bb use_row_as_full_screen_section=\u00bbno\u00bb type=\u00bbfull_width\u00bb angled_section=\u00bbno\u00bb text_align=\u00bbleft\u00bb background_image_as_pattern=\u00bbwithout_pattern\u00bb z_index=\u00bb\u00bb][vc_column][vc_single_image image=\u00bb1041&#8243; img_size=\u00bbfull\u00bb alignment=\u00bbcenter\u00bb css=\u00bb\u00bb qode_css_animation=\u00bb\u00bb][\/vc_column][\/vc_row][vc_row css_animation=\u00bb\u00bb row_type=\u00bbrow\u00bb use_row_as_full_screen_section=\u00bbno\u00bb type=\u00bbgrid\u00bb angled_section=\u00bbno\u00bb text_align=\u00bbleft\u00bb background_image_as_pattern=\u00bbwithout_pattern\u00bb z_index=\u00bb\u00bb padding_top=\u00bb50&#8243; padding_bottom=\u00bb50&#8243;][vc_column][vc_column_text css=\u00bb\u00bb]<strong>PROTECCI\u00d3N DE DATOS<\/strong>[\/vc_column_text][vc_empty_space height=\u00bb25&#8243;][vc_row_inner row_type=\u00bbrow\u00bb type=\u00bbfull_width\u00bb text_align=\u00bbleft\u00bb css_animation=\u00bb\u00bb][vc_column_inner width=\u00bb1\/2&#8243;][vc_column_text css=\u00bb\u00bb]<small>De conformidad con lo establecido en la normativa vigente en Protecci\u00f3n de Datos de Car\u00e1cter Personal, le informamos que sus datos ser\u00e1n incorporados al sistema de tratamiento titularidad de LIBRERIA SANT JORDI &#8211; ALBA VILARDELL BASCOMPTE con NIF 77304241E y domicilio social situado en la C\/ MAYOR 87 DE TONA consultas y remitirle comunicaciones comerciales que puedan ser de su inter\u00e9s. En cumplimiento de la normativa vigente, LIBRERIA SANT JORDI &#8211; ALBA VILARDELL BASCOMPTE informa que los datos ser\u00e1n conservados durante el plazo estrictamente necesario para cumplir con los preceptos mencionados anteriormente.<\/small><\/p>\n<p>&nbsp;<\/p>\n<p><small>Le informamos que trataremos sus datos de acuerdo con la existencia de su consentimiento.<\/small><\/p>\n<p>&nbsp;<\/p>\n<p><small>LIBRER\u00cdA SANT JORDI &#8211; ALBA VILARDELL BASCOMPTE informa que tratar\u00e1 los datos de manera l\u00edcita, leal, transparente, adecuada, pertinente, limitada, exacta y actualizada. Es por eso que LIBRERIA SANT JORDI &#8211; ALBA VILARDELL BASCOMPTE se compromete a adoptar todas las medidas razonables para que \u00e9stos se supriman o rectifiquen sin dilaci\u00f3n cuando sean inexactos.<\/small>[\/vc_column_text][vc_empty_space height=\u00bb25&#8243;][\/vc_column_inner][vc_column_inner width=\u00bb1\/2&#8243;][vc_column_text css=\u00bb\u00bb]<small>De acuerdo con los derechos que le confiere la normativa vigente en protecci\u00f3n de datos podr\u00e1 ejercer los derechos de acceso, rectificaci\u00f3n, limitaci\u00f3n de tratamiento, supresi\u00f3n, portabilidad y oposici\u00f3n al tratamiento de sus datos de car\u00e1cter personal as\u00ed como del consentimiento prestado para el tratamiento de los mismos, dirigiendo su petici\u00f3n a la direcci\u00f3n postal arriba indicada o al correo electr\u00f3nico info@<\/small><\/p>\n<p>&nbsp;<\/p>\n<p><small>Asimismo, y de acuerdo con lo establecido en la Ley 34\/2002, de 11 de julio, de Servicios de la Sociedad de la Informaci\u00f3n y de Comercio Electr\u00f3nico, en el art\u00edculo 21, solicitamos tambi\u00e9n su consentimiento expreso para enviarle publicidad de nuestros productos o promociones que consideremos puedan ser de su inter\u00e9s&gt;.<\/small><\/p>\n<p>&nbsp;<\/p>\n<p><small>Le informamos que podr\u00e1 revocar en cualquier momento el consentimiento prestado en la recepci\u00f3n de comunicaciones comerciales enviando un correo electr\u00f3nico a la direcci\u00f3n de correo electr\u00f3nico: info@llibreriasantjordi.cat. Podr\u00e1 dirigirse a la Autoridad de Control competente para presentar la reclamaci\u00f3n que considere oportuna.<\/small>[\/vc_column_text][\/vc_column_inner][\/vc_row_inner][\/vc_column][\/vc_row][vc_row css_animation=\u00bb\u00bb row_type=\u00bbrow\u00bb use_row_as_full_screen_section=\u00bbno\u00bb type=\u00bbfull_width\u00bb angled_section=\u00bbno\u00bb text_align=\u00bbleft\u00bb background_image_as_pattern=\u00bbwithout_pattern\u00bb z_index=\u00bb\u00bb padding_top=\u00bb0&#8243; padding_bottom=\u00bb0&#8243;][vc_column][vc_single_image image=\u00bb1029&#8243; img_size=\u00bbfull\u00bb alignment=\u00bbcenter\u00bb css=\u00bb\u00bb qode_css_animation=\u00bb\u00bb][\/vc_column][\/vc_row]<\/p>\n<\/div>","protected":false},"excerpt":{"rendered":"<p>[vc_row css_animation=\u00bb\u00bb row_type=\u00bbrow\u00bb use_row_as_full_screen_section=\u00bbno\u00bb type=\u00bbgrid\u00bb angled_section=\u00bbno\u00bb text_align=\u00bbleft\u00bb background_image_as_pattern=\u00bbwithout_pattern\u00bb z_index=\u00bb\u00bb padding_top=\u00bb30&#8243;][vc_column][vc_column_text css=\u00bb\u00bb]Inicio \/\/ Pedido librer\u00eda[\/vc_column_text][\/vc_column][\/vc_row][vc_row css_animation=\u00bb\u00bb row_type=\u00bbrow\u00bb use_row_as_full_screen_section=\u00bbno\u00bb type=\u00bbgrid\u00bb angled_section=\u00bbno\u00bb text_align=\u00bbleft\u00bb background_image_as_pattern=\u00bbwithout_pattern\u00bb z_index=\u00bb\u00bb padding_top=\u00bb75&#8243; padding_bottom=\u00bb0&#8243; anchor=\u00bbinici\u00bb][vc_column width=\u00bb1\/3&#8243;][vc_single_image image=\u00bb1017&#8243; img_size=\u00bbfull\u00bb css=\u00bb\u00bb qode_css_animation=\u00bb\u00bb][vc_empty_space height=\u00bb65px\u00bb][\/vc_column][vc_column width=\u00bb2\/3&#8243;][vc_column_text css=\u00bb\u00bb] \u00bfNO ENCUENTRAS EL LIBRO QUE QUIERES EN NUESTRA TIENDA ONLINE? [\/vc_column_text][vc_separator type=\u00bbsmall\u00bb&hellip; <a class=\"continue\" href=\"https:\/\/www.llibreriasantjordi.cat\/es\/pedido-libreria\/\">CONTINUAR >><span> Pedido librer\u00eda<\/span><\/a><\/p>\n","protected":false},"author":1,"featured_media":0,"parent":0,"menu_order":0,"comment_status":"closed","ping_status":"closed","template":"full_width.php","meta":{"_joinchat":[],"footnotes":""},"class_list":["post-1859","page","type-page","status-publish","hentry"],"_links":{"self":[{"href":"https:\/\/www.llibreriasantjordi.cat\/es\/wp-json\/wp\/v2\/pages\/1859","targetHints":{"allow":["GET"]}}],"collection":[{"href":"https:\/\/www.llibreriasantjordi.cat\/es\/wp-json\/wp\/v2\/pages"}],"about":[{"href":"https:\/\/www.llibreriasantjordi.cat\/es\/wp-json\/wp\/v2\/types\/page"}],"author":[{"embeddable":true,"href":"https:\/\/www.llibreriasantjordi.cat\/es\/wp-json\/wp\/v2\/users\/1"}],"replies":[{"embeddable":true,"href":"https:\/\/www.llibreriasantjordi.cat\/es\/wp-json\/wp\/v2\/comments?post=1859"}],"version-history":[{"count":4,"href":"https:\/\/www.llibreriasantjordi.cat\/es\/wp-json\/wp\/v2\/pages\/1859\/revisions"}],"predecessor-version":[{"id":1882,"href":"https:\/\/www.llibreriasantjordi.cat\/es\/wp-json\/wp\/v2\/pages\/1859\/revisions\/1882"}],"wp:attachment":[{"href":"https:\/\/www.llibreriasantjordi.cat\/es\/wp-json\/wp\/v2\/media?parent=1859"}],"curies":[{"name":"wp","href":"https:\/\/api.w.org\/{rel}","templated":true}]}}