{"id":1853,"date":"2025-04-01T18:54:49","date_gmt":"2025-04-01T16:54:49","guid":{"rendered":"https:\/\/www.llibreriasantjordi.cat\/?page_id=1853"},"modified":"2025-12-15T12:21:51","modified_gmt":"2025-12-15T10:21:51","slug":"campanas","status":"publish","type":"page","link":"https:\/\/www.llibreriasantjordi.cat\/es\/campanas\/","title":{"rendered":"Campa\u00f1as"},"content":{"rendered":"<div class=\"wpb-content-wrapper\"><p>[vc_row css_animation=\u00bb\u00bb row_type=\u00bbrow\u00bb use_row_as_full_screen_section=\u00bbno\u00bb type=\u00bbgrid\u00bb angled_section=\u00bbno\u00bb text_align=\u00bbleft\u00bb background_image_as_pattern=\u00bbwithout_pattern\u00bb z_index=\u00bb\u00bb padding_top=\u00bb30&#8243;][vc_column][vc_column_text css=\u00bb\u00bb]<a href=\"\/es\">Inicio<\/a> \/\/ <strong>Campa\u00f1as<\/strong>[\/vc_column_text][\/vc_column][\/vc_row][vc_row css_animation=\u00bb\u00bb row_type=\u00bbrow\u00bb use_row_as_full_screen_section=\u00bbno\u00bb type=\u00bbgrid\u00bb angled_section=\u00bbno\u00bb text_align=\u00bbleft\u00bb background_image_as_pattern=\u00bbwithout_pattern\u00bb z_index=\u00bb\u00bb padding_top=\u00bb75&#8243; padding_bottom=\u00bb0&#8243; anchor=\u00bbinici\u00bb][vc_column][vc_column_text css=\u00bb\u00bb]<\/p>\n<h1>CAMPA\u00d1AS<\/h1>\n<p>[\/vc_column_text][vc_separator type=\u00bbsmall\u00bb position=\u00bbleft\u00bb up=\u00bb15&#8243; down=\u00bb50&#8243; color=\u00bb#000000&#8243; thickness=\u00bb1&#8243; width=\u00bb100&#8243;][vc_column_text css=\u00bb\u00bb]La librer\u00eda Sant Jordi est\u00e1 adherida a las principales campa\u00f1as de los diferentes gobiernos y que puedes canjear en la librer\u00eda. P\u00eddanos informaci\u00f3n y\/o ayuda para cualquier cosa.[\/vc_column_text][vc_empty_space height=\u00bb43px\u00bb][\/vc_column][\/vc_row][vc_row css_animation=\u00bb\u00bb row_type=\u00bbrow\u00bb use_row_as_full_screen_section=\u00bbno\u00bb type=\u00bbgrid\u00bb angled_section=\u00bbno\u00bb text_align=\u00bbcenter\u00bb background_image_as_pattern=\u00bbwithout_pattern\u00bb z_index=\u00bb\u00bb padding_bottom=\u00bb25&#8243; padding_top=\u00bb25&#8243;][vc_column width=\u00bb1\/3&#8243;][vc_single_image image=\u00bb1162&#8243; img_size=\u00bbfull\u00bb alignment=\u00bbcenter\u00bb css=\u00bb.vc_custom_1743529338017{margin-bottom: -150px !important;}\u00bb qode_css_animation=\u00bb\u00bb][qode_elements_holder number_of_columns=\u00bbone_column\u00bb][qode_elements_holder_item advanced_animations=\u00bbno\u00bb background_color=\u00bb#CEA8F5&#8243; item_padding=\u00bb50px 25px 50px 25px\u00bb][vc_empty_space height=\u00bb150&#8243;][vc_column_text css=\u00bb\u00bb]<\/p>\n<h2 style=\"text-align: center;\"><span style=\"color: #000000;\">Vale Escolar<\/span><\/h2>\n<p>[\/vc_column_text][vc_separator type=\u00bbsmall\u00bb position=\u00bbcenter\u00bb color=\u00bb#000000&#8243; thickness=\u00bb2&#8243; width=\u00bb50&#8243; up=\u00bb15&#8243; down=\u00bb30&#8243;][vc_column_text css=\u00bb\u00bb]<\/p>\n<p style=\"text-align: center;\"><strong>CAMPA\u00d1A FINALIZADA<\/strong><\/p>\n<p>[\/vc_column_text][vc_empty_space height=\u00bb25&#8243;][vc_column_text css=\u00bb\u00bb]<\/p>\n<p style=\"text-align: center;\">La Generalitat de Catalu\u00f1a ha puesto en marcha la segunda edici\u00f3n del Val Escolar, una ayuda econ\u00f3mica para la compra de material escolar. Este curso, la ayuda es de 60 euros por alumno, distribuida en dos vales de 30 euros cada uno.<\/p>\n<p style=\"text-align: center;\"><strong>\u00bfQui\u00e9n puede beneficiarse?<\/strong><\/p>\n<p style=\"text-align: center;\">Alumnos de Primaria y Secundaria de centros p\u00fablicos y concertados<\/p>\n<p style=\"text-align: center;\">Estudiantes de Educaci\u00f3n Especial<\/p>\n<p style=\"text-align: center;\">Alumnos de Ciclos Formativos de Grado B\u00e1sico<\/p>\n<p style=\"text-align: center;\"><strong>\u00bfQu\u00e9 se puede comprar con el Val Escolar?<\/strong><\/p>\n<p style=\"text-align: center;\">Libros de texto y literatura infantil\/juvenil<br \/>\nMaterial de escritura y papeler\u00eda<br \/>\nDiccionarios y licencias digitales<br \/>\nCalculadoras, mochilas, estuches y peque\u00f1os instrumentos musicales<\/p>\n<p style=\"text-align: center;\"><strong>No<\/strong> se pueden comprar ordenadores, tabletas, videojuegos, ropa o calzado.<\/p>\n<p style=\"text-align: center;\"><strong>\u00bfHasta cu\u00e1ndo se pueden canjear?<\/strong><\/p>\n<p style=\"text-align: center;\">Los vales pueden utilizarse hasta el 30 de noviembre de 2024 en tiendas y librer\u00edas adheridas.<\/p>\n<p style=\"text-align: center;\">\u00a1Ya puedes utilizar tu Vale Escolar en nuestra librer\u00eda! \u00a1Ven y equipate para el nuevo curso!<\/p>\n<p>[\/vc_column_text][vc_empty_space height=\u00bb25&#8243;]<a  itemprop=\"url\" href=\"https:\/\/www.valescolar.cat\/\" target=\"_blank\" data-hover-background-color='#282828' data-hover-border-color='#282828' data-hover-color='#FFFFFF' class=\"qbutton  default\" style=\"color: #000000; border-color: #282828; background-color: #EEEEEE00;\">M\u00c1S INFORMACI\u00d3N<\/a>[\/qode_elements_holder_item][\/qode_elements_holder][vc_empty_space height=\u00bb50&#8243;][\/vc_column][vc_column width=\u00bb1\/3&#8243;][vc_single_image image=\u00bb1180&#8243; img_size=\u00bbfull\u00bb alignment=\u00bbcenter\u00bb css=\u00bb.vc_custom_1743530168993{margin-bottom: -150px !important;}\u00bb qode_css_animation=\u00bb\u00bb][qode_elements_holder number_of_columns=\u00bbone_column\u00bb][qode_elements_holder_item advanced_animations=\u00bbno\u00bb background_color=\u00bb#55C7F5&#8243; item_padding=\u00bb50px 25px 50px 25px\u00bb][vc_empty_space height=\u00bb150&#8243;][vc_column_text css=\u00bb\u00bb]<\/p>\n<h2 style=\"text-align: center;\"><span style=\"color: #000000;\">Bono Cultural Joven<\/span><\/h2>\n<p>[\/vc_column_text][vc_separator type=\u00bbsmall\u00bb position=\u00bbcenter\u00bb color=\u00bb#000000&#8243; thickness=\u00bb2&#8243; width=\u00bb50&#8243; up=\u00bb15&#8243; down=\u00bb30&#8243;][vc_column_text css=\u00bb\u00bb]<\/p>\n<p style=\"text-align: center;\"><strong>CAMPA\u00d1A ACTIVA!!!<\/strong><\/p>\n<p>[\/vc_column_text][vc_empty_space height=\u00bb25&#8243;][vc_column_text css=\u00bb\u00bb]<\/p>\n<p style=\"text-align: center;\">El Gobierno de Espa\u00f1a ha puesto en marcha el Bo Cultural Jove, una iniciativa que ofrece 400 euros a los j\u00f3venes que cumplen 18 a\u00f1os durante el a\u00f1o 2025, para fomentar el consumo de productos y actividades culturales.<\/p>\n<p>&nbsp;<\/p>\n<p style=\"text-align: center;\"><strong>\u00bfQui\u00e9n puede solicitarlo?<\/strong><\/p>\n<p style=\"text-align: center;\">J\u00f3venes nacidos en 2007 que cumplen 18 a\u00f1os en 2025.<\/p>\n<p>&nbsp;<\/p>\n<p style=\"text-align: center;\"><strong>Requisitos:<\/strong><\/p>\n<p style=\"text-align: center;\">Tener nacionalidad espa\u00f1ola o residencia legal en Espa\u00f1a.<\/p>\n<p style=\"text-align: center;\">Tambi\u00e9n pueden solicitarlo los solicitantes de asilo, los desplazados temporales y los extranjeros extutelados bajo el sistema de protecci\u00f3n de menores.<\/p>\n<p>&nbsp;<\/p>\n<p style=\"text-align: center;\"><strong>\u00bfEn qu\u00e9 se puede gastar?<\/strong><\/p>\n<p style=\"text-align: center;\">Lo bueno se divide en tres categor\u00edas para promover un gasto cultural diverso:<\/p>\n<p>&nbsp;<\/p>\n<p style=\"text-align: center;\"><strong>\u00b7 200 euros para artes en vivo, patrimonio cultural y artes audiovisuales:<\/strong><\/p>\n<p style=\"text-align: center;\">Entradas para conciertos, teatro, danza, cine, museos, exposiciones, festivales, etc.<\/p>\n<p>&nbsp;<\/p>\n<p style=\"text-align: center;\"><strong>\u00b7 100 euros para productos culturales en soporte f\u00edsico:<\/strong><\/p>\n<p style=\"text-align: center;\">Libros, revistas, prensa, discos, CD, DVD, vinilos, etc.<\/p>\n<p>&nbsp;<\/p>\n<p style=\"text-align: center;\"><strong>\u00b7 100 euros para consumo digital o online:<\/strong><\/p>\n<p style=\"text-align: center;\">Suscripciones a plataformas de m\u00fasica, lectura, audiovisuales, compra de libros digitales, audiolibros, podcasts, videojuegos online, prensa digital, etc.<\/p>\n<p>&nbsp;<\/p>\n<p style=\"text-align: center;\"><strong>\u00bfC\u00f3mo solicitarlo?<\/strong><\/p>\n<p style=\"text-align: center;\">Plazo de solicitud: Todav\u00eda no se ha anunciado oficialmente. Se recomienda estar atento a las convocatorias oficiales para conocer las fechas exactas.<\/p>\n<p>&nbsp;<\/p>\n<p style=\"text-align: center;\"><strong>\u00bfHasta cu\u00e1ndo se puede utilizar?<\/strong><\/p>\n<p style=\"text-align: center;\">Una vez concedido, dispones de un a\u00f1o desde la fecha de emisi\u00f3n para gastar los 400 euros en las actividades y productos culturales mencionados.<\/p>\n<p>[\/vc_column_text][vc_empty_space height=\u00bb25&#8243;]<a  itemprop=\"url\" href=\"https:\/\/bonoculturajoven.gob.es\/\" target=\"_blank\" data-hover-background-color='#282828' data-hover-border-color='#282828' data-hover-color='#FFFFFF' class=\"qbutton  default\" style=\"color: #000000; border-color: #282828; background-color: #EEEEEE00;\">M\u00c1S INFORMACI\u00d3N<\/a>[\/qode_elements_holder_item][\/qode_elements_holder][vc_empty_space height=\u00bb50&#8243;][\/vc_column][vc_column width=\u00bb1\/3&#8243;][vc_single_image image=\u00bb1177&#8243; img_size=\u00bbfull\u00bb alignment=\u00bbcenter\u00bb css=\u00bb.vc_custom_1743530053810{margin-bottom: -150px !important;}\u00bb qode_css_animation=\u00bb\u00bb][qode_elements_holder number_of_columns=\u00bbone_column\u00bb][qode_elements_holder_item advanced_animations=\u00bbno\u00bb background_color=\u00bb#55C7F5&#8243; item_padding=\u00bb50px 25px 50px 25px\u00bb][vc_empty_space height=\u00bb150&#8243;][vc_column_text css=\u00bb\u00bb]<\/p>\n<h2 style=\"text-align: center;\"><span style=\"color: #000000;\">Cumples 6 a\u00f1os elige un libro<\/span><\/h2>\n<p>[\/vc_column_text][vc_separator type=\u00bbsmall\u00bb position=\u00bbcenter\u00bb color=\u00bb#000000&#8243; thickness=\u00bb2&#8243; width=\u00bb50&#8243; up=\u00bb15&#8243; down=\u00bb30&#8243;][vc_column_text css=\u00bb\u00bb]<\/p>\n<p style=\"text-align: center;\"><strong>CAMPA\u00d1A FINALIZADA<\/strong><\/p>\n<p>[\/vc_column_text][vc_empty_space height=\u00bb25&#8243;][vc_column_text css=\u00bb\u00bb]<\/p>\n<p style=\"text-align: center;\">La Generalidad de Catalu\u00f1a, a trav\u00e9s del Gremio de Libreros de Catalu\u00f1a y con el apoyo del Departamento de Cultura, organiza anualmente la campa\u00f1a &#8216;Hace 6 a\u00f1os. Elige un libro&#8217;. El objetivo principal es fomentar los h\u00e1bitos de lectura entre los ni\u00f1os de 6 a\u00f1os, invit\u00e1ndoles a descubrir las librer\u00edas y valorar los libros.<\/p>\n<p style=\"text-align: center;\"><strong>\u00bfC\u00f3mo funciona?<\/strong><br \/>\nDestinatarios: Ni\u00f1os que cumplen 6 a\u00f1os durante el a\u00f1o 2025.<\/p>\n<p style=\"text-align: center;\"><strong>Procedimiento:<\/strong><\/p>\n<p style=\"text-align: center;\">Cada ni\u00f1o recibe una tarjeta personalizada en su domicilio con un valor de 13 euros. Con esta tarjeta, acompa\u00f1ados de un adulto, pueden visitar cualquiera de las librer\u00edas adheridas y canjearla por un libro infantil de su elecci\u00f3n.<\/p>\n<p style=\"text-align: center;\"><strong>Plazo:<\/strong><\/p>\n<p style=\"text-align: center;\">Los vales se pueden canjear entre el 15 de octubre y el 1 de diciembre de 2025, o hasta agotar el presupuesto disponible.<\/p>\n<p style=\"text-align: center;\"><strong>Condiciones a tener en cuenta<\/strong><\/p>\n<p style=\"text-align: center;\">Importe del cup\u00f3n: Hasta 13 euros.<\/p>\n<p style=\"text-align: center;\"><strong>Uso del cup\u00f3n:<\/strong><\/p>\n<p style=\"text-align: center;\">S\u00f3lo se puede canjear por un libro infantil.<\/p>\n<p style=\"text-align: center;\"><strong>Pago de diferencias:<\/strong><\/p>\n<p style=\"text-align: center;\">Si el libro elegido supera los 13 euros, la persona acompa\u00f1ante deber\u00e1 abonar la diferencia.<\/p>\n<p>[\/vc_column_text][vc_empty_space height=\u00bb25&#8243;]<a  itemprop=\"url\" href=\"https:\/\/icec.gencat.cat\/ca\/campanyes\/fas-6-anys\/index.html\" target=\"_blank\" data-hover-background-color='#282828' data-hover-border-color='#282828' data-hover-color='#FFFFFF' class=\"qbutton  default\" style=\"color: #000000; border-color: #282828; background-color: #EEEEEE00;\">M\u00c1S INFORMACI\u00d3N<\/a>[\/qode_elements_holder_item][\/qode_elements_holder][vc_empty_space height=\u00bb50&#8243;][\/vc_column][\/vc_row]<\/p>\n<\/div>","protected":false},"excerpt":{"rendered":"<p>[vc_row css_animation=\u00bb\u00bb row_type=\u00bbrow\u00bb use_row_as_full_screen_section=\u00bbno\u00bb type=\u00bbgrid\u00bb angled_section=\u00bbno\u00bb text_align=\u00bbleft\u00bb background_image_as_pattern=\u00bbwithout_pattern\u00bb z_index=\u00bb\u00bb padding_top=\u00bb30&#8243;][vc_column][vc_column_text css=\u00bb\u00bb]Inicio \/\/ Campa\u00f1as[\/vc_column_text][\/vc_column][\/vc_row][vc_row css_animation=\u00bb\u00bb row_type=\u00bbrow\u00bb use_row_as_full_screen_section=\u00bbno\u00bb type=\u00bbgrid\u00bb angled_section=\u00bbno\u00bb text_align=\u00bbleft\u00bb background_image_as_pattern=\u00bbwithout_pattern\u00bb z_index=\u00bb\u00bb padding_top=\u00bb75&#8243; padding_bottom=\u00bb0&#8243; anchor=\u00bbinici\u00bb][vc_column][vc_column_text css=\u00bb\u00bb] CAMPA\u00d1AS [\/vc_column_text][vc_separator type=\u00bbsmall\u00bb position=\u00bbleft\u00bb up=\u00bb15&#8243; down=\u00bb50&#8243; color=\u00bb#000000&#8243; thickness=\u00bb1&#8243; width=\u00bb100&#8243;][vc_column_text css=\u00bb\u00bb]La librer\u00eda Sant Jordi est\u00e1 adherida a las principales campa\u00f1as de&hellip; <a class=\"continue\" href=\"https:\/\/www.llibreriasantjordi.cat\/es\/campanas\/\">CONTINUAR >><span> Campa\u00f1as<\/span><\/a><\/p>\n","protected":false},"author":1,"featured_media":0,"parent":0,"menu_order":0,"comment_status":"closed","ping_status":"closed","template":"full_width.php","meta":{"_joinchat":[],"footnotes":""},"class_list":["post-1853","page","type-page","status-publish","hentry"],"_links":{"self":[{"href":"https:\/\/www.llibreriasantjordi.cat\/es\/wp-json\/wp\/v2\/pages\/1853","targetHints":{"allow":["GET"]}}],"collection":[{"href":"https:\/\/www.llibreriasantjordi.cat\/es\/wp-json\/wp\/v2\/pages"}],"about":[{"href":"https:\/\/www.llibreriasantjordi.cat\/es\/wp-json\/wp\/v2\/types\/page"}],"author":[{"embeddable":true,"href":"https:\/\/www.llibreriasantjordi.cat\/es\/wp-json\/wp\/v2\/users\/1"}],"replies":[{"embeddable":true,"href":"https:\/\/www.llibreriasantjordi.cat\/es\/wp-json\/wp\/v2\/comments?post=1853"}],"version-history":[{"count":8,"href":"https:\/\/www.llibreriasantjordi.cat\/es\/wp-json\/wp\/v2\/pages\/1853\/revisions"}],"predecessor-version":[{"id":2678,"href":"https:\/\/www.llibreriasantjordi.cat\/es\/wp-json\/wp\/v2\/pages\/1853\/revisions\/2678"}],"wp:attachment":[{"href":"https:\/\/www.llibreriasantjordi.cat\/es\/wp-json\/wp\/v2\/media?parent=1853"}],"curies":[{"name":"wp","href":"https:\/\/api.w.org\/{rel}","templated":true}]}}