{"id":1782,"date":"2025-03-25T14:20:30","date_gmt":"2025-03-25T12:20:30","guid":{"rendered":"https:\/\/www.llibreriasantjordi.cat\/?page_id=1782"},"modified":"2025-05-13T15:53:46","modified_gmt":"2025-05-13T13:53:46","slug":"arte-tv-cine-y-musica","status":"publish","type":"page","link":"https:\/\/www.llibreriasantjordi.cat\/es\/tienda\/arte-tv-cine-y-musica\/","title":{"rendered":"Arte, TV, Cine y M\u00fasica"},"content":{"rendered":"<div class=\"wpb-content-wrapper\"><p>[vc_row css_animation=\u00bb\u00bb row_type=\u00bbrow\u00bb use_row_as_full_screen_section=\u00bbno\u00bb type=\u00bbgrid\u00bb angled_section=\u00bbno\u00bb text_align=\u00bbleft\u00bb background_image_as_pattern=\u00bbwithout_pattern\u00bb z_index=\u00bb\u00bb padding_top=\u00bb30&#8243;][vc_column][vc_column_text css=\u00bb\u00bb]<a href=\"\/es\">Inicio<\/a> \/\/ <a href=\"https:\/\/www.llibreriasantjordi.cat\/es\/tienda\/\">Tienda<\/a> \/\/ <strong>Arte, TV, Cine y M\u00fasica<\/strong>[\/vc_column_text][\/vc_column][\/vc_row][vc_row css_animation=\u00bb\u00bb row_type=\u00bbrow\u00bb use_row_as_full_screen_section=\u00bbno\u00bb type=\u00bbgrid\u00bb angled_section=\u00bbno\u00bb text_align=\u00bbleft\u00bb background_image_as_pattern=\u00bbwithout_pattern\u00bb z_index=\u00bb\u00bb padding_top=\u00bb75&#8243; padding_bottom=\u00bb75&#8243; anchor=\u00bbinici\u00bb][vc_column][vc_column_text css=\u00bb\u00bb]<\/p>\n<h1>ARTE, TV, CINE Y M\u00daSICA<\/h1>\n<p>[\/vc_column_text][vc_separator type=\u00bbsmall\u00bb position=\u00bbleft\u00bb up=\u00bb15&#8243; down=\u00bb15&#8243; color=\u00bb#000000&#8243; thickness=\u00bb1&#8243; width=\u00bb100&#8243;]<a  itemprop=\"url\" href=\"\/es\/pedido-libreria\/\" target=\"_self\"  class=\"qbutton  small default\" style=\"\">\u00bfNO ENCUENTRAS EL LIBRO QUE QUIERES?<\/a>[vc_empty_space height=\u00bb10&#8243;]<a  itemprop=\"url\" href=\"\/es\/tienda\/\" target=\"_self\"  class=\"qbutton  small default\" style=\"\">VOLVER AL \u00cdNDICE DE LA TIENDA<\/a>[\/vc_column][\/vc_row][vc_row css_animation=\u00bb\u00bb row_type=\u00bbrow\u00bb use_row_as_full_screen_section=\u00bbno\u00bb type=\u00bbgrid\u00bb angled_section=\u00bbno\u00bb text_align=\u00bbcenter\u00bb background_image_as_pattern=\u00bbwithout_pattern\u00bb z_index=\u00bb\u00bb padding_bottom=\u00bb50&#8243;][vc_column]<div class=\"woocommerce columns-4 \"><ul class=\"products\">\n\t<li class=\"product type-product post-2010 status-publish first instock product_cat-arte-tv-cine-musica product_cat-catalan product_cat-novedades product_tag-varis-autors-es has-post-thumbnail taxable shipping-taxable purchasable product-type-simple\">\n\t\t\n    <div class=\"top-product-section\">\n\n        <a itemprop=\"url\" href=\"https:\/\/www.llibreriasantjordi.cat\/es\/producte\/crema-lapm\/\" class=\"product-category\">\n            <span class=\"image-wrapper\">\n            <img loading=\"lazy\" decoding=\"async\" width=\"300\" height=\"470\" src=\"https:\/\/www.llibreriasantjordi.cat\/wp-content\/uploads\/2025\/03\/crema-l-apm-CAT-300x470.jpg\" class=\"attachment-woocommerce_thumbnail size-woocommerce_thumbnail\" alt=\"Crema l&#039;APM?\" srcset=\"https:\/\/www.llibreriasantjordi.cat\/wp-content\/uploads\/2025\/03\/crema-l-apm-CAT-300x470.jpg 300w, https:\/\/www.llibreriasantjordi.cat\/wp-content\/uploads\/2025\/03\/crema-l-apm-CAT-192x300.jpg 192w, https:\/\/www.llibreriasantjordi.cat\/wp-content\/uploads\/2025\/03\/crema-l-apm-CAT.jpg 560w\" sizes=\"auto, (max-width: 300px) 100vw, 300px\" \/>            <\/span>\n        <\/a>\n\n\t\t<span class=\"add-to-cart-button-outer\"><span class=\"add-to-cart-button-inner\"><a href=\"\/es\/wp-json\/wp\/v2\/pages\/1782?add-to-cart=2010\" aria-describedby=\"woocommerce_loop_add_to_cart_link_describedby_2010\" data-quantity=\"1\" class=\"button product_type_simple add_to_cart_button ajax_add_to_cart qbutton add-to-cart-button\" data-product_id=\"2010\" data-product_sku=\"\" aria-label=\"A\u00f1adir al carrito: &ldquo;Crema l&#039;APM?&rdquo;\" rel=\"nofollow\" data-success_message=\"\u00abCrema l&#039;APM?\u00bb se ha a\u00f1adido a tu carrito\" role=\"button\">A\u00d1ADIR A LA CESTA<\/a><\/span><\/span>\n<span id=\"woocommerce_loop_add_to_cart_link_describedby_2010\" class=\"screen-reader-text\">\n\t<\/span>\n\n    <\/div>\n    <div class=\"product-categories\"><a href=\"https:\/\/www.llibreriasantjordi.cat\/es\/categoria-producte\/arte-tv-cine-musica\/\" rel=\"tag\">ARTE - TV - CINE - M\u00daSICA<\/a>, <a href=\"https:\/\/www.llibreriasantjordi.cat\/es\/categoria-producte\/catalan\/\" rel=\"tag\">CATAL\u00c1N<\/a>, <a href=\"https:\/\/www.llibreriasantjordi.cat\/es\/categoria-producte\/novedades\/\" rel=\"tag\">NOVEDADES<\/a><\/div>    <a itemprop=\"url\" href=\"https:\/\/www.llibreriasantjordi.cat\/es\/producte\/crema-lapm\/\" class=\"product-category product-info\">\n        <h6 itemprop=\"name\">Crema l&#8217;APM?<\/h6>\n\n                    <div class=\"separator after-title-spearator small center\"><\/div>\n        \n        \n\t<span class=\"price\"><del><span class=\"woocommerce-Price-amount amount\"><bdi>18,50&nbsp;<span class=\"woocommerce-Price-currencySymbol\">&euro;<\/span><\/bdi><\/span><\/del>&nbsp;<ins><span class=\"woocommerce-Price-amount amount\"><bdi>17,58&nbsp;<span class=\"woocommerce-Price-currencySymbol\">&euro;<\/span><\/bdi><\/span><\/ins><\/span>\n    <\/a>\n\n    \n<\/li>\n\t<li class=\"product type-product post-2011 status-publish instock product_cat-arte-tv-cine-musica product_cat-catalan product_cat-novedades product_tag-3xl-vibes-es has-post-thumbnail taxable shipping-taxable purchasable product-type-simple\">\n\t\t\n    <div class=\"top-product-section\">\n\n        <a itemprop=\"url\" href=\"https:\/\/www.llibreriasantjordi.cat\/es\/producte\/generacio-3xl\/\" class=\"product-category\">\n            <span class=\"image-wrapper\">\n            <img loading=\"lazy\" decoding=\"async\" width=\"300\" height=\"470\" src=\"https:\/\/www.llibreriasantjordi.cat\/wp-content\/uploads\/2025\/03\/generacio-3xl-CAT-300x470.jpg\" class=\"attachment-woocommerce_thumbnail size-woocommerce_thumbnail\" alt=\"Generaci\u00f3 3XL\" srcset=\"https:\/\/www.llibreriasantjordi.cat\/wp-content\/uploads\/2025\/03\/generacio-3xl-CAT-300x470.jpg 300w, https:\/\/www.llibreriasantjordi.cat\/wp-content\/uploads\/2025\/03\/generacio-3xl-CAT-192x300.jpg 192w, https:\/\/www.llibreriasantjordi.cat\/wp-content\/uploads\/2025\/03\/generacio-3xl-CAT.jpg 560w\" sizes=\"auto, (max-width: 300px) 100vw, 300px\" \/>            <\/span>\n        <\/a>\n\n\t\t<span class=\"add-to-cart-button-outer\"><span class=\"add-to-cart-button-inner\"><a href=\"\/es\/wp-json\/wp\/v2\/pages\/1782?add-to-cart=2011\" aria-describedby=\"woocommerce_loop_add_to_cart_link_describedby_2011\" data-quantity=\"1\" class=\"button product_type_simple add_to_cart_button ajax_add_to_cart qbutton add-to-cart-button\" data-product_id=\"2011\" data-product_sku=\"\" aria-label=\"A\u00f1adir al carrito: &ldquo;Generaci\u00f3 3XL&rdquo;\" rel=\"nofollow\" data-success_message=\"\u00abGeneraci\u00f3 3XL\u00bb se ha a\u00f1adido a tu carrito\" role=\"button\">A\u00d1ADIR A LA CESTA<\/a><\/span><\/span>\n<span id=\"woocommerce_loop_add_to_cart_link_describedby_2011\" class=\"screen-reader-text\">\n\t<\/span>\n\n    <\/div>\n    <div class=\"product-categories\"><a href=\"https:\/\/www.llibreriasantjordi.cat\/es\/categoria-producte\/arte-tv-cine-musica\/\" rel=\"tag\">ARTE - TV - CINE - M\u00daSICA<\/a>, <a href=\"https:\/\/www.llibreriasantjordi.cat\/es\/categoria-producte\/catalan\/\" rel=\"tag\">CATAL\u00c1N<\/a>, <a href=\"https:\/\/www.llibreriasantjordi.cat\/es\/categoria-producte\/novedades\/\" rel=\"tag\">NOVEDADES<\/a><\/div>    <a itemprop=\"url\" href=\"https:\/\/www.llibreriasantjordi.cat\/es\/producte\/generacio-3xl\/\" class=\"product-category product-info\">\n        <h6 itemprop=\"name\">Generaci\u00f3 3XL<\/h6>\n\n                    <div class=\"separator after-title-spearator small center\"><\/div>\n        \n        \n\t<span class=\"price\"><del><span class=\"woocommerce-Price-amount amount\"><bdi>21,95&nbsp;<span class=\"woocommerce-Price-currencySymbol\">&euro;<\/span><\/bdi><\/span><\/del>&nbsp;<ins><span class=\"woocommerce-Price-amount amount\"><bdi>20,85&nbsp;<span class=\"woocommerce-Price-currencySymbol\">&euro;<\/span><\/bdi><\/span><\/ins><\/span>\n    <\/a>\n\n    \n<\/li>\n\t<li class=\"product type-product post-2013 status-publish instock product_cat-arte-tv-cine-musica product_cat-catalan product_cat-novedades product_tag-albert-om-es has-post-thumbnail taxable shipping-taxable purchasable product-type-simple\">\n\t\t\n    <div class=\"top-product-section\">\n\n        <a itemprop=\"url\" href=\"https:\/\/www.llibreriasantjordi.cat\/es\/producte\/no-fare-cap-mes-llibre-retrat-intim-de-marina-rossell\/\" class=\"product-category\">\n            <span class=\"image-wrapper\">\n            <img loading=\"lazy\" decoding=\"async\" width=\"300\" height=\"470\" src=\"https:\/\/www.llibreriasantjordi.cat\/wp-content\/uploads\/2025\/03\/no-fare-cap-mes-llibre-CAT-albert-om-300x470.jpg\" class=\"attachment-woocommerce_thumbnail size-woocommerce_thumbnail\" alt=\"No far\u00e9 cap m\u00e9s llibre\" srcset=\"https:\/\/www.llibreriasantjordi.cat\/wp-content\/uploads\/2025\/03\/no-fare-cap-mes-llibre-CAT-albert-om-300x470.jpg 300w, https:\/\/www.llibreriasantjordi.cat\/wp-content\/uploads\/2025\/03\/no-fare-cap-mes-llibre-CAT-albert-om-192x300.jpg 192w, https:\/\/www.llibreriasantjordi.cat\/wp-content\/uploads\/2025\/03\/no-fare-cap-mes-llibre-CAT-albert-om.jpg 560w\" sizes=\"auto, (max-width: 300px) 100vw, 300px\" \/>            <\/span>\n        <\/a>\n\n\t\t<span class=\"add-to-cart-button-outer\"><span class=\"add-to-cart-button-inner\"><a href=\"\/es\/wp-json\/wp\/v2\/pages\/1782?add-to-cart=2013\" aria-describedby=\"woocommerce_loop_add_to_cart_link_describedby_2013\" data-quantity=\"1\" class=\"button product_type_simple add_to_cart_button ajax_add_to_cart qbutton add-to-cart-button\" data-product_id=\"2013\" data-product_sku=\"\" aria-label=\"A\u00f1adir al carrito: &ldquo;No far\u00e9 cap m\u00e9s llibre - Retrat \u00edntim de Marina Rossell&rdquo;\" rel=\"nofollow\" data-success_message=\"\u00abNo far\u00e9 cap m\u00e9s llibre - Retrat \u00edntim de Marina Rossell\u00bb se ha a\u00f1adido a tu carrito\" role=\"button\">A\u00d1ADIR A LA CESTA<\/a><\/span><\/span>\n<span id=\"woocommerce_loop_add_to_cart_link_describedby_2013\" class=\"screen-reader-text\">\n\t<\/span>\n\n    <\/div>\n    <div class=\"product-categories\"><a href=\"https:\/\/www.llibreriasantjordi.cat\/es\/categoria-producte\/arte-tv-cine-musica\/\" rel=\"tag\">ARTE - TV - CINE - M\u00daSICA<\/a>, <a href=\"https:\/\/www.llibreriasantjordi.cat\/es\/categoria-producte\/catalan\/\" rel=\"tag\">CATAL\u00c1N<\/a>, <a href=\"https:\/\/www.llibreriasantjordi.cat\/es\/categoria-producte\/novedades\/\" rel=\"tag\">NOVEDADES<\/a><\/div>    <a itemprop=\"url\" href=\"https:\/\/www.llibreriasantjordi.cat\/es\/producte\/no-fare-cap-mes-llibre-retrat-intim-de-marina-rossell\/\" class=\"product-category product-info\">\n        <h6 itemprop=\"name\">No far\u00e9 cap m\u00e9s llibre &#8211; Retrat \u00edntim de Marina Rossell<\/h6>\n\n                    <div class=\"separator after-title-spearator small center\"><\/div>\n        \n        \n\t<span class=\"price\"><del><span class=\"woocommerce-Price-amount amount\"><bdi>20,00&nbsp;<span class=\"woocommerce-Price-currencySymbol\">&euro;<\/span><\/bdi><\/span><\/del>&nbsp;<ins><span class=\"woocommerce-Price-amount amount\"><bdi>19,00&nbsp;<span class=\"woocommerce-Price-currencySymbol\">&euro;<\/span><\/bdi><\/span><\/ins><\/span>\n    <\/a>\n\n    \n<\/li><\/ul>\n<\/div>[\/vc_column][\/vc_row][vc_row css_animation=\u00bb\u00bb row_type=\u00bbrow\u00bb use_row_as_full_screen_section=\u00bbno\u00bb type=\u00bbfull_width\u00bb angled_section=\u00bbno\u00bb text_align=\u00bbleft\u00bb background_image_as_pattern=\u00bbwithout_pattern\u00bb z_index=\u00bb\u00bb padding_top=\u00bb0&#8243; padding_bottom=\u00bb0&#8243;][vc_column][vc_single_image image=\u00bb1029&#8243; img_size=\u00bbfull\u00bb alignment=\u00bbcenter\u00bb css=\u00bb\u00bb qode_css_animation=\u00bb\u00bb][\/vc_column][\/vc_row]<\/p>\n<\/div>","protected":false},"excerpt":{"rendered":"<p>[vc_row css_animation=\u00bb\u00bb row_type=\u00bbrow\u00bb use_row_as_full_screen_section=\u00bbno\u00bb type=\u00bbgrid\u00bb angled_section=\u00bbno\u00bb text_align=\u00bbleft\u00bb background_image_as_pattern=\u00bbwithout_pattern\u00bb z_index=\u00bb\u00bb padding_top=\u00bb30&#8243;][vc_column][vc_column_text css=\u00bb\u00bb]Inicio \/\/ Tienda \/\/ Arte, TV, Cine y M\u00fasica[\/vc_column_text][\/vc_column][\/vc_row][vc_row css_animation=\u00bb\u00bb row_type=\u00bbrow\u00bb use_row_as_full_screen_section=\u00bbno\u00bb type=\u00bbgrid\u00bb angled_section=\u00bbno\u00bb text_align=\u00bbleft\u00bb background_image_as_pattern=\u00bbwithout_pattern\u00bb z_index=\u00bb\u00bb padding_top=\u00bb75&#8243; padding_bottom=\u00bb75&#8243; anchor=\u00bbinici\u00bb][vc_column][vc_column_text css=\u00bb\u00bb] ARTE, TV, CINE Y M\u00daSICA [\/vc_column_text][vc_separator type=\u00bbsmall\u00bb position=\u00bbleft\u00bb up=\u00bb15&#8243; down=\u00bb15&#8243; color=\u00bb#000000&#8243; thickness=\u00bb1&#8243; width=\u00bb100&#8243;][vc_empty_space height=\u00bb10&#8243;][\/vc_column][\/vc_row][vc_row&hellip; <a class=\"continue\" href=\"https:\/\/www.llibreriasantjordi.cat\/es\/producte\/no-fare-cap-mes-llibre-retrat-intim-de-marina-rossell\/\">CONTINUAR >><span> No far\u00e9 cap m\u00e9s llibre &#8211; Retrat \u00edntim de Marina Rossell<\/span><\/a><\/p>\n","protected":false},"author":1,"featured_media":0,"parent":1777,"menu_order":0,"comment_status":"closed","ping_status":"closed","template":"full_width.php","meta":{"_joinchat":[],"footnotes":""},"class_list":["post-1782","page","type-page","status-publish","hentry"],"_links":{"self":[{"href":"https:\/\/www.llibreriasantjordi.cat\/es\/wp-json\/wp\/v2\/pages\/1782","targetHints":{"allow":["GET"]}}],"collection":[{"href":"https:\/\/www.llibreriasantjordi.cat\/es\/wp-json\/wp\/v2\/pages"}],"about":[{"href":"https:\/\/www.llibreriasantjordi.cat\/es\/wp-json\/wp\/v2\/types\/page"}],"author":[{"embeddable":true,"href":"https:\/\/www.llibreriasantjordi.cat\/es\/wp-json\/wp\/v2\/users\/1"}],"replies":[{"embeddable":true,"href":"https:\/\/www.llibreriasantjordi.cat\/es\/wp-json\/wp\/v2\/comments?post=1782"}],"version-history":[{"count":5,"href":"https:\/\/www.llibreriasantjordi.cat\/es\/wp-json\/wp\/v2\/pages\/1782\/revisions"}],"predecessor-version":[{"id":1918,"href":"https:\/\/www.llibreriasantjordi.cat\/es\/wp-json\/wp\/v2\/pages\/1782\/revisions\/1918"}],"up":[{"embeddable":true,"href":"https:\/\/www.llibreriasantjordi.cat\/es\/wp-json\/wp\/v2\/pages\/1777"}],"wp:attachment":[{"href":"https:\/\/www.llibreriasantjordi.cat\/es\/wp-json\/wp\/v2\/media?parent=1782"}],"curies":[{"name":"wp","href":"https:\/\/api.w.org\/{rel}","templated":true}]}}