{"id":1763,"date":"2025-04-01T18:23:39","date_gmt":"2025-04-01T16:23:39","guid":{"rendered":"https:\/\/www.llibreriasantjordi.cat\/?page_id=1763"},"modified":"2025-05-13T15:46:06","modified_gmt":"2025-05-13T13:46:06","slug":"quienes-somos","status":"publish","type":"page","link":"https:\/\/www.llibreriasantjordi.cat\/es\/quienes-somos\/","title":{"rendered":"Qui\u00e9nes somos"},"content":{"rendered":"<div class=\"wpb-content-wrapper\"><p>[vc_row css_animation=\u00bb\u00bb row_type=\u00bbrow\u00bb use_row_as_full_screen_section=\u00bbno\u00bb type=\u00bbgrid\u00bb angled_section=\u00bbno\u00bb text_align=\u00bbleft\u00bb background_image_as_pattern=\u00bbwithout_pattern\u00bb z_index=\u00bb\u00bb padding_top=\u00bb30&#8243;][vc_column][vc_column_text css=\u00bb\u00bb]<a href=\"\/es\">Inicio<\/a> \/\/ <strong>Qui\u00e9nes somos<\/strong>[\/vc_column_text][\/vc_column][\/vc_row][vc_row css_animation=\u00bb\u00bb row_type=\u00bbrow\u00bb use_row_as_full_screen_section=\u00bbno\u00bb type=\u00bbgrid\u00bb angled_section=\u00bbno\u00bb text_align=\u00bbleft\u00bb background_image_as_pattern=\u00bbwithout_pattern\u00bb z_index=\u00bb\u00bb padding_top=\u00bb75&#8243; padding_bottom=\u00bb75&#8243; anchor=\u00bbinici\u00bb][vc_column][vc_column_text css=\u00bb\u00bb]<\/p>\n<h1>QUIENES SOMOS EN LA LIBRER\u00cdA SANT JORDI<\/h1>\n<p>[\/vc_column_text][vc_separator type=\u00bbsmall\u00bb position=\u00bbleft\u00bb up=\u00bb15&#8243; down=\u00bb50&#8243; color=\u00bb#000000&#8243; thickness=\u00bb1&#8243; width=\u00bb100&#8243;][vc_column_text css=\u00bb\u00bb]Soy <strong>Alba Vilardell Bascompte<\/strong> y el d\u00eda 1 de julio de 2024 empec\u00e9 una nueva etapa emocionante: ponerme al frente de la Librer\u00eda Sant Jordi de Tona. <strong>Este proyecto me apasiona y estoy encantada de continuar la historia de un espacio que ha sido clave para el pueblo durante d\u00e9cadas<\/strong>.<\/p>\n<p>&nbsp;<\/p>\n<p>La Librer\u00eda Sant Jordi abri\u00f3 sus puertas el 13 de diciembre de 1969, gracias a la iniciativa de Maribel y Josep. Con los a\u00f1os, la hicieron crecer y adaptarse a los nuevos tiempos. El 1 de julio de 2006, Merc\u00e8 y Montse tomaron el relevo y la llevaron hasta julio de 2024. <strong>Ahora me toca a m\u00ed seguir este camino, manteniendo su esencia pero con nuevas ideas para hacerla crecer a\u00fan m\u00e1s<\/strong>.<\/p>\n<p>&nbsp;<\/p>\n<p>Aqu\u00ed encontrar\u00e1 <strong>libros<\/strong> para todas las edades y gustos, pero la librer\u00eda es mucho m\u00e1s que eso. Tambi\u00e9n somos <strong>papeler\u00eda<\/strong>, con material escolar y de oficina, y ofrecemos servicio de <strong>copister\u00eda<\/strong> para imprimir, escanear. encuadernar o realizar fotocopias. Adem\u00e1s, tenemos una secci\u00f3n de <strong>juegos<\/strong> enfocada a los m\u00e1s peque\u00f1os (hasta 10-12 a\u00f1os), pero tambi\u00e9n con algunas opciones para toda la familia. Y si busca un detalle especial, disponemos de una selecci\u00f3n de <strong>objetos de regalo<\/strong>.<\/p>\n<p>&nbsp;<\/p>\n<p>Nos encontrar\u00e1 en la calle Mayor 87 de Tona, en el coraz\u00f3n del pueblo. Somos la librer\u00eda de referencia de Osona Sud y nos encanta formar parte de la vida cultural de la zona. Organizamos <strong>presentaciones de libros<\/strong>, a menudo en colaboraci\u00f3n con la Biblioteca Caterina Figueras de Tona. Y por Sant Jordi, cada 23 de abril, nos trasladamos a la Plaza Mayor con una parada llena de libros para disfrutar de esta fiesta tan especial.<\/p>\n<p>&nbsp;<\/p>\n<p>Este a\u00f1o, coincidiendo con la campa\u00f1a de Sant Jordi 2025, \u00a1hemos inaugurado nuestra tienda online! Por el momento, encontrar\u00e1 m\u00e1s de 100 libros disponibles, podr\u00e1 hacer encargos de copister\u00eda y tambi\u00e9n pedir aquellos libros que no tenemos en la web, pero que podemos conseguir por vosotros.[\/vc_column_text][vc_separator type=\u00bbnormal\u00bb color=\u00bb#000000&#8243; up=\u00bb50&#8243; down=\u00bb25&#8243;][vc_row_inner row_type=\u00bbrow\u00bb type=\u00bbfull_width\u00bb text_align=\u00bbleft\u00bb css_animation=\u00bb\u00bb][vc_column_inner width=\u00bb1\/3&#8243;][vc_empty_space height=\u00bb25&#8243;][vc_single_image image=\u00bb794&#8243; img_size=\u00bbfull\u00bb alignment=\u00bbcenter\u00bb css=\u00bb\u00bb qode_css_animation=\u00bb\u00bb][\/vc_column_inner][vc_column_inner width=\u00bb2\/3&#8243;][vc_empty_space height=\u00bb25&#8243;]<div class=\"custom_font_holder \" style=\" font-style: normal; font-weight: 400; color: #363636; text-decoration: none; text-align: left; --qode-cf-font-size: 18px; --qode-cf-line-height: 24px; --qode-cf-font-size-1440: 18px; --qode-cf-line-height-1440: 24px; --qode-cf-font-size-1366: 18px; --qode-cf-line-height-1366: 24px; --qode-cf-font-size-1280: 18px; --qode-cf-line-height-1280: 24px; --qode-cf-font-size-1024: 18px; --qode-cf-line-height-1024: 24px; --qode-cf-font-size-768: 18px; --qode-cf-line-height-768: 24px; --qode-cf-font-size-680: 18px; --qode-cf-line-height-680: 24px; --qode-cf-font-size-480: 18px; --qode-cf-line-height-480: 24px;\">Actualmente, formamos parte del equipo <strong>Raquel<\/strong>, <strong>Laia<\/strong> y yo, <strong>Alba<\/strong>. Somos un equipo peque\u00f1o, pero cargado de energ\u00eda y pasi\u00f3n por lo que hacemos. Raquel es una gran conocedora del mundo editorial y siempre tiene una recomendaci\u00f3n perfecta para cada lector, desde los m\u00e1s peque\u00f1os hasta los m\u00e1s exigentes. Laia es una apasionada de la literatura infantil y juvenil, con una sensibilidad especial para encontrar aquel libro que iluminar\u00e1 los ojos de un ni\u00f1o o ni\u00f1a. Y yo, Alba, que he cogido las riendas de este proyecto con muchas ganas, aportando ideas nuevas pero sin perder la esencia de la librer\u00eda de toda la vida. Juntas, trabajamos para que cada persona que entre por la puerta se sienta bienvenida y salga con el libro o material que buscaba\u2026 \u00a1o con un nuevo descubrimiento inesperado!<\/div>[vc_empty_space height=\u00bb25&#8243;]<a  itemprop=\"url\" href=\"\/es\/contacto\/\" target=\"_self\"  class=\"qbutton  default\" style=\"\">CONT\u00c1CTANOS<\/a>[\/vc_column_inner][\/vc_row_inner][vc_separator type=\u00bbnormal\u00bb color=\u00bb#000000&#8243; up=\u00bb25&#8243; down=\u00bb50&#8243;][vc_column_text css=\u00bb\u00bb]Tambi\u00e9n participamos en diversas iniciativas para fomentar la lectura y apoyar a las familias:<\/p>\n<p>&nbsp;<\/p>\n<ul>\n<li><strong>Vale Escolar de la Generalidad de Catalu\u00f1a:<\/strong> una ayuda para material escolar para ni\u00f1os hasta 4\u00ba de ESO, disponible habitualmente de junio a noviembre.<\/li>\n<li><strong>Hace 6 a\u00f1os, elige un libro:<\/strong> todos los ni\u00f1os y ni\u00f1as que cumplen 6 a\u00f1os pueden venir con su vale a elegir un libro. Esta campa\u00f1a suele ser en octubre-noviembre.<\/li>\n<li><strong>Bueno Cultural Joven del gobierno espa\u00f1ol:<\/strong> una ayuda de 400 \u20ac para los j\u00f3venes de 18 a\u00f1os, de los cuales 100 \u20ac se pueden gastar en libros.<\/li>\n<\/ul>\n<p>&nbsp;<\/p>\n<p>Nos hace mucha ilusi\u00f3n ser parte del d\u00eda a d\u00eda del pueblo y contribuir a su vida cultural. Si todav\u00eda no nos conoces, te animamos a pasar por la librer\u00eda o visitar nuestra tienda online. Y si ya nos conoces, \u00a1muchas gracias por la confianza!<\/p>\n<p>&nbsp;<\/p>\n<p>\u00a1Te esperamos en la Librer\u00eda Sant\u00a0Jordi\u00a0de\u00a0Tuena![\/vc_column_text][\/vc_column][\/vc_row][vc_row css_animation=\u00bb\u00bb row_type=\u00bbrow\u00bb use_row_as_full_screen_section=\u00bbno\u00bb type=\u00bbfull_width\u00bb angled_section=\u00bbno\u00bb text_align=\u00bbleft\u00bb background_image_as_pattern=\u00bbwithout_pattern\u00bb][vc_column][vc_single_image image=\u00bb1128&#8243; img_size=\u00bbfull\u00bb alignment=\u00bbcenter\u00bb css=\u00bb\u00bb qode_css_animation=\u00bb\u00bb][\/vc_column][\/vc_row]<\/p>\n<\/div>","protected":false},"excerpt":{"rendered":"<p>[vc_row css_animation=\u00bb\u00bb row_type=\u00bbrow\u00bb use_row_as_full_screen_section=\u00bbno\u00bb type=\u00bbgrid\u00bb angled_section=\u00bbno\u00bb text_align=\u00bbleft\u00bb background_image_as_pattern=\u00bbwithout_pattern\u00bb z_index=\u00bb\u00bb padding_top=\u00bb30&#8243;][vc_column][vc_column_text css=\u00bb\u00bb]Inicio \/\/ Qui\u00e9nes somos[\/vc_column_text][\/vc_column][\/vc_row][vc_row css_animation=\u00bb\u00bb row_type=\u00bbrow\u00bb use_row_as_full_screen_section=\u00bbno\u00bb type=\u00bbgrid\u00bb angled_section=\u00bbno\u00bb text_align=\u00bbleft\u00bb background_image_as_pattern=\u00bbwithout_pattern\u00bb z_index=\u00bb\u00bb padding_top=\u00bb75&#8243; padding_bottom=\u00bb75&#8243; anchor=\u00bbinici\u00bb][vc_column][vc_column_text css=\u00bb\u00bb] QUIENES SOMOS EN LA LIBRER\u00cdA SANT JORDI [\/vc_column_text][vc_separator type=\u00bbsmall\u00bb position=\u00bbleft\u00bb up=\u00bb15&#8243; down=\u00bb50&#8243; color=\u00bb#000000&#8243; thickness=\u00bb1&#8243; width=\u00bb100&#8243;][vc_column_text css=\u00bb\u00bb]Soy Alba Vilardell Bascompte&hellip; <a class=\"continue\" href=\"https:\/\/www.llibreriasantjordi.cat\/es\/quienes-somos\/\">CONTINUAR >><span> Qui\u00e9nes somos<\/span><\/a><\/p>\n","protected":false},"author":1,"featured_media":0,"parent":0,"menu_order":0,"comment_status":"closed","ping_status":"closed","template":"full_width.php","meta":{"_joinchat":[],"footnotes":""},"class_list":["post-1763","page","type-page","status-publish","hentry"],"_links":{"self":[{"href":"https:\/\/www.llibreriasantjordi.cat\/es\/wp-json\/wp\/v2\/pages\/1763","targetHints":{"allow":["GET"]}}],"collection":[{"href":"https:\/\/www.llibreriasantjordi.cat\/es\/wp-json\/wp\/v2\/pages"}],"about":[{"href":"https:\/\/www.llibreriasantjordi.cat\/es\/wp-json\/wp\/v2\/types\/page"}],"author":[{"embeddable":true,"href":"https:\/\/www.llibreriasantjordi.cat\/es\/wp-json\/wp\/v2\/users\/1"}],"replies":[{"embeddable":true,"href":"https:\/\/www.llibreriasantjordi.cat\/es\/wp-json\/wp\/v2\/comments?post=1763"}],"version-history":[{"count":4,"href":"https:\/\/www.llibreriasantjordi.cat\/es\/wp-json\/wp\/v2\/pages\/1763\/revisions"}],"predecessor-version":[{"id":1915,"href":"https:\/\/www.llibreriasantjordi.cat\/es\/wp-json\/wp\/v2\/pages\/1763\/revisions\/1915"}],"wp:attachment":[{"href":"https:\/\/www.llibreriasantjordi.cat\/es\/wp-json\/wp\/v2\/media?parent=1763"}],"curies":[{"name":"wp","href":"https:\/\/api.w.org\/{rel}","templated":true}]}}